{"id":1854,"date":"2016-11-15T18:34:09","date_gmt":"2016-11-15T16:34:09","guid":{"rendered":"http:\/\/wallschule.medienzentrum-clp.de\/?page_id=1854"},"modified":"2024-04-23T10:06:09","modified_gmt":"2024-04-23T08:06:09","slug":"hinweise-fuer-krankmeldungen","status":"publish","type":"page","link":"https:\/\/www.wallschule-cloppenburg.de\/?page_id=1854","title":{"rendered":"Hinweise f\u00fcr Krankmeldungen"},"content":{"rendered":"\r\n<h4 class=\"wp-block-heading\">Abmelden eines erkrankten Kindes<\/h4>\r\n\r\n\r\n\r\n<p>Sollte Ihr Kind vor Beginn des Unterrichts erkranken, bitten wir um eine telefonische Mitteilung an das Sekretariat (<strong>Telefon 2064<\/strong>) in der Zeit von <strong>07.00 Uhr bis 08.15 Uhr<\/strong>. In Zeiten erh\u00f6hten Krankheitsaufkommens (Grippewelle) kann es sein, dass der Anrufbeantworter eingeschaltet ist. Bitte besprechen Sie diesen. Unsere Schulsekret\u00e4rin h\u00f6rt diesen dann ab. Ersatzweise k\u00f6nnen Sie aber auch eine E-Mail an die Schuladresse senden (wallschule.cloppenburg@ewetel.net). Falls Ihr Kind an der Ganztagsbetreuung teilnimmt, weisen Sie bitte ausdr\u00fccklich darauf hin, dass eine Teilnahme ebenfalls aus Krankheitsgr\u00fcnden nicht m\u00f6glich ist. (<strong>Abmeldung vom Mittagessen erfolgt nur bei Hinweis bis 08.15 Uhr<\/strong>).<\/p>\r\n\r\n\r\n\r\n<p>Sie k\u00f6nnen Ihr Kind auch durch eine schriftliche Entschuldigung vom Unterricht abmelden. Der Ganztagshinweis sollte trotzdem an die Sekret\u00e4rin erfolgen.<\/p>\r\n\r\n\r\n\r\n<h4 class=\"wp-block-heading\">L\u00e4ngere Krankheit ab 3 Tagen<\/h4>\r\n\r\n\r\n\r\n<p>Bei l\u00e4ngerfristigen Erkrankungen (mehr als 3 Tage) kontaktieren Sie bitte den\/ die Klassenlehrer\/in und reichen ein \u00e4rztliches Attest ein.<\/p>\r\n\r\n\r\n\r\n<h4 class=\"wp-block-heading\">Erkrankung w\u00e4hrend der Unterrichtszeit<\/h4>\r\n\r\n\r\n\r\n<p>Erkrankt Ihr Kind w\u00e4hrend der Unterrichtszeit, werden Sie telefonisch benachrichtigt. Wir erwarten, dass Sie oder eine andere vertraute, im Aufnahmebogen vermerkte, erwachsene Person Ihr Kind von der Schule abholt.<\/p>\r\n\r\n\r\n\r\n<h4 class=\"wp-block-heading\">Teilnahme am Sportunterricht<\/h4>\r\n\r\n\r\n\r\n<p>Sollte Ihr Kind aus gesundheitlichen Gr\u00fcnden f\u00fcr einen l\u00e4ngeren Zeitraum nicht am Sportunterricht teilnehmen k\u00f6nnen, lassen Sie bitte dem\/ der Sportlehrer\/ in eine schriftliche Entschuldigung bzw. \u00e4rztliches Attest zukommen. In der Regel wird Ihr Kind dann w\u00e4hrend der Sportstunden Aufgaben erledigen, die keinen k\u00f6rperlichen Einsatz erfordern bzw. nur solche T\u00e4tigkeiten verrichten, die die Gesundheit Ihres Kindes erlauben. Allgemein gilt: Im Regelfall verbleibt Ihr Kind trotz seiner gesundheitlichen Probleme w\u00e4hrend der Sportstunden im Klassenverband. Die endg\u00fcltige Entscheidung \u00fcber den Einzelfall trifft der\/ die Sportlehrer\/ in. Ihr Kind wird dann in einer anderen Klasse untergebracht und erledigt dort Aufgaben.<\/p>\r\n\r\n\r\n\r\n<h4 class=\"wp-block-heading\">Teilnahme am Ganztag<\/h4>\r\n\r\n\r\n\r\n<p>Sollte Ihr Kind an einem Tag aus bestimmten Gr\u00fcnden nicht an der Ganztagsbetreuung teilnehmen k\u00f6nnen, schreiben Sie ihm bitte eine Entschuldigung, die sp\u00e4testens bis 08.15 Uhr desselben Tages im Sekretariat abgegeben werden muss.<\/p>\r\n","protected":false},"excerpt":{"rendered":"<p>Abmelden eines erkrankten Kindes Sollte Ihr Kind vor Beginn des Unterrichts erkranken, bitten wir um eine telefonische Mitteilung an das Sekretariat (Telefon 2064) in der Zeit von 07.00 Uhr bis 08.15 Uhr. In Zeiten erh\u00f6hten Krankheitsaufkommens (Grippewelle) kann es sein, dass der Anrufbeantworter eingeschaltet ist. Bitte besprechen Sie diesen. Unsere Schulsekret\u00e4rin h\u00f6rt diesen dann ab. &#8230; <a title=\"Hinweise f\u00fcr Krankmeldungen\" class=\"read-more\" href=\"https:\/\/www.wallschule-cloppenburg.de\/?page_id=1854\" aria-label=\"Mehr Informationen \u00fcber Hinweise f\u00fcr Krankmeldungen\">Weiterlesen<\/a><\/p>\n","protected":false},"author":1,"featured_media":0,"parent":328,"menu_order":3,"comment_status":"closed","ping_status":"closed","template":"","meta":{"_eb_attr":"","footnotes":""},"class_list":["post-1854","page","type-page","status-publish"],"_links":{"self":[{"href":"https:\/\/www.wallschule-cloppenburg.de\/index.php?rest_route=\/wp\/v2\/pages\/1854","targetHints":{"allow":["GET"]}}],"collection":[{"href":"https:\/\/www.wallschule-cloppenburg.de\/index.php?rest_route=\/wp\/v2\/pages"}],"about":[{"href":"https:\/\/www.wallschule-cloppenburg.de\/index.php?rest_route=\/wp\/v2\/types\/page"}],"author":[{"embeddable":true,"href":"https:\/\/www.wallschule-cloppenburg.de\/index.php?rest_route=\/wp\/v2\/users\/1"}],"replies":[{"embeddable":true,"href":"https:\/\/www.wallschule-cloppenburg.de\/index.php?rest_route=%2Fwp%2Fv2%2Fcomments&post=1854"}],"version-history":[{"count":9,"href":"https:\/\/www.wallschule-cloppenburg.de\/index.php?rest_route=\/wp\/v2\/pages\/1854\/revisions"}],"predecessor-version":[{"id":5396,"href":"https:\/\/www.wallschule-cloppenburg.de\/index.php?rest_route=\/wp\/v2\/pages\/1854\/revisions\/5396"}],"up":[{"embeddable":true,"href":"https:\/\/www.wallschule-cloppenburg.de\/index.php?rest_route=\/wp\/v2\/pages\/328"}],"wp:attachment":[{"href":"https:\/\/www.wallschule-cloppenburg.de\/index.php?rest_route=%2Fwp%2Fv2%2Fmedia&parent=1854"}],"curies":[{"name":"wp","href":"https:\/\/api.w.org\/{rel}","templated":true}]}}