{"id":2886,"date":"2019-03-18T19:12:52","date_gmt":"2019-03-18T17:12:52","guid":{"rendered":"http:\/\/wallschule.medienzentrum-clp.de\/?page_id=2886"},"modified":"2024-07-13T11:49:21","modified_gmt":"2024-07-13T09:49:21","slug":"beitraege-2018","status":"publish","type":"page","link":"https:\/\/www.wallschule-cloppenburg.de\/?page_id=2886","title":{"rendered":"Beitr\u00e4ge 2018"},"content":{"rendered":"<div class=\"pt-cv-wrapper\"><div class=\"pt-cv-view pt-cv-grid pt-cv-colsys\" id=\"pt-cv-view-41f1f1ed4l\"><div data-id=\"pt-cv-page-1\" class=\"pt-cv-page\" data-cvc=\"2\"><div class=\"col-md-6 col-sm-6 col-xs-12 pt-cv-content-item pt-cv-1-col\" ><div class='pt-cv-ifield'><h4 class=\"pt-cv-title\"><a href=\"https:\/\/www.wallschule-cloppenburg.de\/?p=2316\" class=\"_self\" target=\"_self\" >K\u00e4nguru Wettbewerb<\/a><\/h4>\n<div class=\"pt-cv-content\">Wie in den letzten Jahren haben auch in diesem Jahr viele Sch\u00fclerinnen und Sch\u00fcler der dritten und vierten Klassen am ...<br \/><div class=\"pt-cv-rmwrap\"><a href=\"https:\/\/www.wallschule-cloppenburg.de\/?p=2316\" class=\"_self pt-cv-readmore btn btn-success\" target=\"_self\">Weiterlesen \u2026<\/a><\/div><\/div><\/div><\/div>\n<div class=\"col-md-6 col-sm-6 col-xs-12 pt-cv-content-item pt-cv-1-col\" ><div class='pt-cv-ifield'><h4 class=\"pt-cv-title\"><a href=\"https:\/\/www.wallschule-cloppenburg.de\/?p=2312\" class=\"_self\" target=\"_self\" >Klimatag an der Wallschule<\/a><\/h4>\n<div class=\"pt-cv-content\">Die Sch\u00fclerinnen und Sch\u00fcler der dritten Klassen erlebten am Freitag, den 06. April einen ganzen Tag lang spannende Experimente, Vortr\u00e4ge ...<br \/><div class=\"pt-cv-rmwrap\"><a href=\"https:\/\/www.wallschule-cloppenburg.de\/?p=2312\" class=\"_self pt-cv-readmore btn btn-success\" target=\"_self\">Weiterlesen \u2026<\/a><\/div><\/div><\/div><\/div>\n<div class=\"col-md-6 col-sm-6 col-xs-12 pt-cv-content-item pt-cv-1-col\" ><div class='pt-cv-ifield'><h4 class=\"pt-cv-title\"><a href=\"https:\/\/www.wallschule-cloppenburg.de\/?p=2286\" class=\"_self\" target=\"_self\" >Gesundes Fr\u00fchst\u00fcck in der Wallschule<\/a><\/h4>\n<div class=\"pt-cv-content\"> ...<br \/><div class=\"pt-cv-rmwrap\"><a href=\"https:\/\/www.wallschule-cloppenburg.de\/?p=2286\" class=\"_self pt-cv-readmore btn btn-success\" target=\"_self\">Weiterlesen \u2026<\/a><\/div><\/div><\/div><\/div>\n<div class=\"col-md-6 col-sm-6 col-xs-12 pt-cv-content-item pt-cv-1-col\" ><div class='pt-cv-ifield'><h4 class=\"pt-cv-title\"><a href=\"https:\/\/www.wallschule-cloppenburg.de\/?p=2265\" class=\"_self\" target=\"_self\" >Villa Spooky<\/a><\/h4>\n<div class=\"pt-cv-content\">Das Musical \"Villa Spooky\" f\u00fchrten unl\u00e4ngst rund 30 Sch\u00fclerinnen und Sch\u00fcler der Wallschule Cloppenburg auf. Unter der Leitung von Mechtild ...<br \/><div class=\"pt-cv-rmwrap\"><a href=\"https:\/\/www.wallschule-cloppenburg.de\/?p=2265\" class=\"_self pt-cv-readmore btn btn-success\" target=\"_self\">Weiterlesen \u2026<\/a><\/div><\/div><\/div><\/div><\/div><\/div><\/div>\n","protected":false},"excerpt":{"rendered":"","protected":false},"author":4,"featured_media":0,"parent":2463,"menu_order":6,"comment_status":"closed","ping_status":"closed","template":"","meta":{"_eb_attr":"","footnotes":""},"class_list":["post-2886","page","type-page","status-publish"],"_links":{"self":[{"href":"https:\/\/www.wallschule-cloppenburg.de\/index.php?rest_route=\/wp\/v2\/pages\/2886","targetHints":{"allow":["GET"]}}],"collection":[{"href":"https:\/\/www.wallschule-cloppenburg.de\/index.php?rest_route=\/wp\/v2\/pages"}],"about":[{"href":"https:\/\/www.wallschule-cloppenburg.de\/index.php?rest_route=\/wp\/v2\/types\/page"}],"author":[{"embeddable":true,"href":"https:\/\/www.wallschule-cloppenburg.de\/index.php?rest_route=\/wp\/v2\/users\/4"}],"replies":[{"embeddable":true,"href":"https:\/\/www.wallschule-cloppenburg.de\/index.php?rest_route=%2Fwp%2Fv2%2Fcomments&post=2886"}],"version-history":[{"count":2,"href":"https:\/\/www.wallschule-cloppenburg.de\/index.php?rest_route=\/wp\/v2\/pages\/2886\/revisions"}],"predecessor-version":[{"id":2888,"href":"https:\/\/www.wallschule-cloppenburg.de\/index.php?rest_route=\/wp\/v2\/pages\/2886\/revisions\/2888"}],"up":[{"embeddable":true,"href":"https:\/\/www.wallschule-cloppenburg.de\/index.php?rest_route=\/wp\/v2\/pages\/2463"}],"wp:attachment":[{"href":"https:\/\/www.wallschule-cloppenburg.de\/index.php?rest_route=%2Fwp%2Fv2%2Fmedia&parent=2886"}],"curies":[{"name":"wp","href":"https:\/\/api.w.org\/{rel}","templated":true}]}}