{"id":2897,"date":"2019-03-18T19:24:01","date_gmt":"2019-03-18T17:24:01","guid":{"rendered":"http:\/\/wallschule.medienzentrum-clp.de\/?page_id=2897"},"modified":"2023-07-24T17:27:56","modified_gmt":"2023-07-24T15:27:56","slug":"beitraege-2016","status":"publish","type":"page","link":"https:\/\/www.wallschule-cloppenburg.de\/?page_id=2897","title":{"rendered":"Beitr\u00e4ge 2016"},"content":{"rendered":"<div class=\"pt-cv-wrapper\"><div class=\"pt-cv-view pt-cv-grid pt-cv-colsys\" id=\"pt-cv-view-efec926blg\"><div data-id=\"pt-cv-page-1\" class=\"pt-cv-page\" data-cvc=\"2\"><div class=\"col-md-6 col-sm-6 col-xs-12 pt-cv-content-item pt-cv-1-col\" ><div class='pt-cv-ifield'><h4 class=\"pt-cv-title\"><a href=\"https:\/\/www.wallschule-cloppenburg.de\/?p=1779\" class=\"_self\" target=\"_self\" >Sommersingen 2016<\/a><\/h4>\n<div class=\"pt-cv-content\">Beim diesj\u00e4hrigen Sommersingen der Wallschule wurde ein vielf\u00e4ltiges Programm pr\u00e4sentiert. So traten im Innenhof der Jahrgangschor und in der Aula ...<br \/><div class=\"pt-cv-rmwrap\"><a href=\"https:\/\/www.wallschule-cloppenburg.de\/?p=1779\" class=\"_self pt-cv-readmore btn btn-success\" target=\"_self\">Weiterlesen \u2026<\/a><\/div><\/div><\/div><\/div>\n<div class=\"col-md-6 col-sm-6 col-xs-12 pt-cv-content-item pt-cv-1-col\" ><div class='pt-cv-ifield'><h4 class=\"pt-cv-title\"><a href=\"https:\/\/www.wallschule-cloppenburg.de\/?p=1623\" class=\"_self\" target=\"_self\" >K\u00e4nguru 2016<\/a><\/h4>\n<div class=\"pt-cv-content\">Auch in diesem Jahr haben viele Wallsch\u00fcler der 3. und 4. Klassen am K\u00e4nguru Mathematikwettbewerb teilgenommen. Einen 2. Platz hat ...<br \/><div class=\"pt-cv-rmwrap\"><a href=\"https:\/\/www.wallschule-cloppenburg.de\/?p=1623\" class=\"_self pt-cv-readmore btn btn-success\" target=\"_self\">Weiterlesen \u2026<\/a><\/div><\/div><\/div><\/div>\n<div class=\"col-md-6 col-sm-6 col-xs-12 pt-cv-content-item pt-cv-1-col\" ><div class='pt-cv-ifield'><h4 class=\"pt-cv-title\"><a href=\"https:\/\/www.wallschule-cloppenburg.de\/?p=1596\" class=\"_self\" target=\"_self\" >Ostern<\/a><\/h4>\n<div class=\"pt-cv-content\">Die Wallschule w\u00fcnscht allen Sch\u00fclern\/innen und ihren Angeh\u00f6rigen frohe Ostern! ...<br \/><div class=\"pt-cv-rmwrap\"><a href=\"https:\/\/www.wallschule-cloppenburg.de\/?p=1596\" class=\"_self pt-cv-readmore btn btn-success\" target=\"_self\">Weiterlesen \u2026<\/a><\/div><\/div><\/div><\/div>\n<div class=\"col-md-6 col-sm-6 col-xs-12 pt-cv-content-item pt-cv-1-col\" ><div class='pt-cv-ifield'><h4 class=\"pt-cv-title\"><a href=\"https:\/\/www.wallschule-cloppenburg.de\/?p=1592\" class=\"_self\" target=\"_self\" >Buchstabierwettbewerb<\/a><\/h4>\n<div class=\"pt-cv-content\">Impression von der Preisverleihung des Buchstabierwettbewerbes Liste der Sieger\/innen Klasse 2: Leni Boegel 2c, Sarah Henke 2b, Jannis Bahls 2a ...<br \/><div class=\"pt-cv-rmwrap\"><a href=\"https:\/\/www.wallschule-cloppenburg.de\/?p=1592\" class=\"_self pt-cv-readmore btn btn-success\" target=\"_self\">Weiterlesen \u2026<\/a><\/div><\/div><\/div><\/div><\/div><\/div><\/div>\n","protected":false},"excerpt":{"rendered":"","protected":false},"author":4,"featured_media":0,"parent":2463,"menu_order":7,"comment_status":"closed","ping_status":"closed","template":"","meta":{"_eb_attr":"","footnotes":""},"class_list":["post-2897","page","type-page","status-publish"],"_links":{"self":[{"href":"https:\/\/www.wallschule-cloppenburg.de\/index.php?rest_route=\/wp\/v2\/pages\/2897","targetHints":{"allow":["GET"]}}],"collection":[{"href":"https:\/\/www.wallschule-cloppenburg.de\/index.php?rest_route=\/wp\/v2\/pages"}],"about":[{"href":"https:\/\/www.wallschule-cloppenburg.de\/index.php?rest_route=\/wp\/v2\/types\/page"}],"author":[{"embeddable":true,"href":"https:\/\/www.wallschule-cloppenburg.de\/index.php?rest_route=\/wp\/v2\/users\/4"}],"replies":[{"embeddable":true,"href":"https:\/\/www.wallschule-cloppenburg.de\/index.php?rest_route=%2Fwp%2Fv2%2Fcomments&post=2897"}],"version-history":[{"count":2,"href":"https:\/\/www.wallschule-cloppenburg.de\/index.php?rest_route=\/wp\/v2\/pages\/2897\/revisions"}],"predecessor-version":[{"id":2899,"href":"https:\/\/www.wallschule-cloppenburg.de\/index.php?rest_route=\/wp\/v2\/pages\/2897\/revisions\/2899"}],"up":[{"embeddable":true,"href":"https:\/\/www.wallschule-cloppenburg.de\/index.php?rest_route=\/wp\/v2\/pages\/2463"}],"wp:attachment":[{"href":"https:\/\/www.wallschule-cloppenburg.de\/index.php?rest_route=%2Fwp%2Fv2%2Fmedia&parent=2897"}],"curies":[{"name":"wp","href":"https:\/\/api.w.org\/{rel}","templated":true}]}}