{"id":29,"date":"2014-07-17T18:39:08","date_gmt":"2014-07-17T16:39:08","guid":{"rendered":"http:\/\/wordpress.nibis.de\/gswall\/?page_id=29"},"modified":"2020-08-30T13:18:30","modified_gmt":"2020-08-30T11:18:30","slug":"impressum","status":"publish","type":"page","link":"https:\/\/www.wallschule-cloppenburg.de\/?page_id=29","title":{"rendered":"Impressum"},"content":{"rendered":"<p>Land Niedersachsen (Dienstanbieter im Sinne des Telemediengesetzes)<\/p>\n<p><span style=\"color: #000000;\">Das Land Niedersachsen ist eine juristische Person des \u00f6ffentlichen Rechts vertreten durch<\/span><\/p>\n<p><span style=\"color: #000000;\">Heike Niemeyer<\/span><\/p>\n<p><span style=\"color: #000000;\">Gartenstr. 9<\/span><\/p>\n<p><span style=\"color: #000000;\">49661 Cloppenburg<\/span><\/p>\n<p><span style=\"color: #000000;\">Tel: 04471\/2064 (Konrektorin: 04471\/ 708848)<br \/>\n<\/span><\/p>\n<p><span style=\"color: #000000;\">E-Mail: wallschule.cloppenburg@ewetel.net<\/span><\/p>\n<p><span style=\"color: #000000;\"><strong>Disclaimer<\/strong><\/span><\/p>\n<p><span style=\"color: #000000;\">Diese Webseite beinhaltet externe Links. Deren Inhalte entziehen sich unserer Einflussnahme, sodass eine Gew\u00e4hr f\u00fcr solche Inhalte von uns nicht \u00fcbernommen werden kann.<\/span><\/p>\n<p><span style=\"color: #000000;\">Die Verantwortung liegt stets beim jeweiligen Betreiber der externen Seiten. Zum Zeitpunkt der Verkn\u00fcpfung der externen Links waren keine Rechtsverst\u00f6\u00dfe ersichtlich. Die permanente \u00dcberwachung fremder Inhalte auf Rechtsverletzungen ohne konkrete Hinweise ist uns nicht zumutbar.<\/span><\/p>\n<p><span style=\"color: #000000;\">Sollten wir Kenntnis von Rechtsverletzungen erlangen, werden wir die entsprechenden externen Links unverz\u00fcglich entfernen.<\/span><\/p>\n","protected":false},"excerpt":{"rendered":"<p>Land Niedersachsen (Dienstanbieter im Sinne des Telemediengesetzes) Das Land Niedersachsen ist eine juristische Person des \u00f6ffentlichen Rechts vertreten durch Heike Niemeyer Gartenstr. 9 49661 Cloppenburg Tel: 04471\/2064 (Konrektorin: 04471\/ 708848) E-Mail: wallschule.cloppenburg@ewetel.net Disclaimer Diese Webseite beinhaltet externe Links. Deren Inhalte entziehen sich unserer Einflussnahme, sodass eine Gew\u00e4hr f\u00fcr solche Inhalte von uns nicht \u00fcbernommen werden &#8230; <a title=\"Impressum\" class=\"read-more\" href=\"https:\/\/www.wallschule-cloppenburg.de\/?page_id=29\" aria-label=\"Mehr Informationen \u00fcber Impressum\">Weiterlesen<\/a><\/p>\n","protected":false},"author":1,"featured_media":0,"parent":0,"menu_order":8,"comment_status":"closed","ping_status":"closed","template":"","meta":{"_eb_attr":"","footnotes":""},"class_list":["post-29","page","type-page","status-publish"],"_links":{"self":[{"href":"https:\/\/www.wallschule-cloppenburg.de\/index.php?rest_route=\/wp\/v2\/pages\/29","targetHints":{"allow":["GET"]}}],"collection":[{"href":"https:\/\/www.wallschule-cloppenburg.de\/index.php?rest_route=\/wp\/v2\/pages"}],"about":[{"href":"https:\/\/www.wallschule-cloppenburg.de\/index.php?rest_route=\/wp\/v2\/types\/page"}],"author":[{"embeddable":true,"href":"https:\/\/www.wallschule-cloppenburg.de\/index.php?rest_route=\/wp\/v2\/users\/1"}],"replies":[{"embeddable":true,"href":"https:\/\/www.wallschule-cloppenburg.de\/index.php?rest_route=%2Fwp%2Fv2%2Fcomments&post=29"}],"version-history":[{"count":5,"href":"https:\/\/www.wallschule-cloppenburg.de\/index.php?rest_route=\/wp\/v2\/pages\/29\/revisions"}],"predecessor-version":[{"id":3414,"href":"https:\/\/www.wallschule-cloppenburg.de\/index.php?rest_route=\/wp\/v2\/pages\/29\/revisions\/3414"}],"wp:attachment":[{"href":"https:\/\/www.wallschule-cloppenburg.de\/index.php?rest_route=%2Fwp%2Fv2%2Fmedia&parent=29"}],"curies":[{"name":"wp","href":"https:\/\/api.w.org\/{rel}","templated":true}]}}