{"id":3530,"date":"2020-08-27T17:08:22","date_gmt":"2020-08-27T15:08:22","guid":{"rendered":"https:\/\/www.wallschule-cloppenburg.de\/?page_id=3530"},"modified":"2023-11-09T15:28:59","modified_gmt":"2023-11-09T13:28:59","slug":"schulranzenberatung","status":"publish","type":"page","link":"https:\/\/www.wallschule-cloppenburg.de\/?page_id=3530","title":{"rendered":"Schulranzenberatung"},"content":{"rendered":"<p>Welchen Schulranzen soll mein Kind bekommen? Er soll nat\u00fcrlich gut aussehen, aber reicht das aus? <img loading=\"lazy\" decoding=\"async\" class=\" wp-image-3532 alignright\" src=\"https:\/\/www.wallschule-cloppenburg.de\/wp-content\/uploads\/2020\/08\/school-bag-4878120_640.png\" alt=\"\" width=\"212\" height=\"212\" srcset=\"https:\/\/www.wallschule-cloppenburg.de\/wp-content\/uploads\/2020\/08\/school-bag-4878120_640.png 640w, https:\/\/www.wallschule-cloppenburg.de\/wp-content\/uploads\/2020\/08\/school-bag-4878120_640-300x300.png 300w, https:\/\/www.wallschule-cloppenburg.de\/wp-content\/uploads\/2020\/08\/school-bag-4878120_640-150x150.png 150w\" sizes=\"auto, (max-width: 212px) 100vw, 212px\" \/>Diese Fragen stellen sich viele Eltern, wenn der Schulstart ihrer Kinder naht. Eine Hilfe f\u00fcr die richtige Schulranzenwahl bietet die Deutsche gesetzliche Unfallversicherung (DGUV). Die Brosch\u00fcre gibt Tipps, um den richtigen Schulranzen zu finden.<\/p>\n<p><a href=\"https:\/\/www.wallschule-cloppenburg.de\/wp-content\/uploads\/2020\/08\/Broschuere-Schulranzen.pdf\">Hier<\/a> k\u00f6nnen Sie die Brosch\u00fcre der DGUV herunterladen.<\/p>\n","protected":false},"excerpt":{"rendered":"<p>Welchen Schulranzen soll mein Kind bekommen? Er soll nat\u00fcrlich gut aussehen, aber reicht das aus? Diese Fragen stellen sich viele Eltern, wenn der Schulstart ihrer Kinder naht. Eine Hilfe f\u00fcr die richtige Schulranzenwahl bietet die Deutsche gesetzliche Unfallversicherung (DGUV). Die Brosch\u00fcre gibt Tipps, um den richtigen Schulranzen zu finden. Hier k\u00f6nnen Sie die Brosch\u00fcre der &#8230; <a title=\"Schulranzenberatung\" class=\"read-more\" href=\"https:\/\/www.wallschule-cloppenburg.de\/?page_id=3530\" aria-label=\"Mehr Informationen \u00fcber Schulranzenberatung\">Weiterlesen<\/a><\/p>\n","protected":false},"author":4,"featured_media":0,"parent":101,"menu_order":5,"comment_status":"closed","ping_status":"closed","template":"","meta":{"_eb_attr":"","footnotes":""},"class_list":["post-3530","page","type-page","status-publish"],"_links":{"self":[{"href":"https:\/\/www.wallschule-cloppenburg.de\/index.php?rest_route=\/wp\/v2\/pages\/3530","targetHints":{"allow":["GET"]}}],"collection":[{"href":"https:\/\/www.wallschule-cloppenburg.de\/index.php?rest_route=\/wp\/v2\/pages"}],"about":[{"href":"https:\/\/www.wallschule-cloppenburg.de\/index.php?rest_route=\/wp\/v2\/types\/page"}],"author":[{"embeddable":true,"href":"https:\/\/www.wallschule-cloppenburg.de\/index.php?rest_route=\/wp\/v2\/users\/4"}],"replies":[{"embeddable":true,"href":"https:\/\/www.wallschule-cloppenburg.de\/index.php?rest_route=%2Fwp%2Fv2%2Fcomments&post=3530"}],"version-history":[{"count":1,"href":"https:\/\/www.wallschule-cloppenburg.de\/index.php?rest_route=\/wp\/v2\/pages\/3530\/revisions"}],"predecessor-version":[{"id":3533,"href":"https:\/\/www.wallschule-cloppenburg.de\/index.php?rest_route=\/wp\/v2\/pages\/3530\/revisions\/3533"}],"up":[{"embeddable":true,"href":"https:\/\/www.wallschule-cloppenburg.de\/index.php?rest_route=\/wp\/v2\/pages\/101"}],"wp:attachment":[{"href":"https:\/\/www.wallschule-cloppenburg.de\/index.php?rest_route=%2Fwp%2Fv2%2Fmedia&parent=3530"}],"curies":[{"name":"wp","href":"https:\/\/api.w.org\/{rel}","templated":true}]}}