{"id":37,"date":"2014-07-17T18:46:42","date_gmt":"2014-07-17T16:46:42","guid":{"rendered":"http:\/\/wordpress.nibis.de\/gswall\/?page_id=37"},"modified":"2024-07-13T11:43:05","modified_gmt":"2024-07-13T09:43:05","slug":"der-schulhof","status":"publish","type":"page","link":"https:\/\/www.wallschule-cloppenburg.de\/?page_id=37","title":{"rendered":"Rundgang"},"content":{"rendered":"<h3 style=\"font-weight: bold; color: #21a2e2;\"><\/h3>\n<h3 style=\"font-weight: bold; color: #21a2e2;\"><span style=\"color: #000000;\">Unser Schulhof<\/span><\/h3>\n<p style=\"color: #666666;\"><span style=\"color: #000000;\">In den Pausen k\u00f6nnen sich die Kinder bewegen und Kraft sammeln f\u00fcr die kommenden Schulstunden.<\/span><\/p>\n<p><span style=\"color: #000000;\">Neben den Spielger\u00e4ten gibt es eine Spieleausleihe, die von den Kindern selbst verwaltet wird.<\/span><\/p>\n<p style=\"text-align: center;\"><div id=\"metaslider-id-4852\" style=\"max-width: 500px;\" class=\"ml-slider-3-108-0 metaslider metaslider-flex metaslider-4852 ml-slider has-dots-nav ms-theme-default\" role=\"region\" aria-label=\"New Slideshow\" data-height=\"400\" data-width=\"500\">\n    <div id=\"metaslider_container_4852\">\n        <div id=\"metaslider_4852\">\n            <ul class='slides'>\n                <li style=\"display: block; width: 100%;\" class=\"slide-4853 ms-image \" aria-roledescription=\"slide\" data-date=\"2023-08-15 09:00:15\" data-filename=\"img_4617-Kopie-500x400.jpg\" data-slide-type=\"image\"><img loading=\"lazy\" decoding=\"async\" src=\"https:\/\/www.wallschule-cloppenburg.de\/wp-content\/uploads\/2020\/05\/img_4617-Kopie-500x400.jpg\" height=\"400\" width=\"500\" alt=\"\" class=\"slider-4852 slide-4853 msDefaultImage\" title=\"img_4617 - Kopie\" \/><\/li>\n                <li style=\"display: none; width: 100%;\" class=\"slide-4854 ms-image \" aria-roledescription=\"slide\" data-date=\"2023-08-15 09:00:24\" data-filename=\"img_4618-500x400.jpg\" data-slide-type=\"image\"><img loading=\"lazy\" decoding=\"async\" src=\"https:\/\/www.wallschule-cloppenburg.de\/wp-content\/uploads\/2020\/05\/img_4618-500x400.jpg\" height=\"400\" width=\"500\" alt=\"\" class=\"slider-4852 slide-4854 msDefaultImage\" title=\"img_4618\" \/><\/li>\n                <li style=\"display: none; width: 100%;\" class=\"slide-4855 ms-image \" aria-roledescription=\"slide\" data-date=\"2023-08-15 09:00:36\" data-filename=\"img_4621-500x400.jpg\" data-slide-type=\"image\"><img loading=\"lazy\" decoding=\"async\" src=\"https:\/\/www.wallschule-cloppenburg.de\/wp-content\/uploads\/2020\/05\/img_4621-500x400.jpg\" height=\"400\" width=\"500\" alt=\"\" class=\"slider-4852 slide-4855 msDefaultImage\" title=\"img_4621\" \/><\/li>\n                <li style=\"display: none; width: 100%;\" class=\"slide-4857 ms-image \" aria-roledescription=\"slide\" data-date=\"2023-08-15 09:01:01\" data-filename=\"img_4611-500x400.jpg\" data-slide-type=\"image\"><img loading=\"lazy\" decoding=\"async\" src=\"https:\/\/www.wallschule-cloppenburg.de\/wp-content\/uploads\/2020\/05\/img_4611-500x400.jpg\" height=\"400\" width=\"500\" alt=\"\" class=\"slider-4852 slide-4857 msDefaultImage\" title=\"img_4611\" \/><\/li>\n                <li style=\"display: none; width: 100%;\" class=\"slide-4858 ms-image \" aria-roledescription=\"slide\" data-date=\"2023-08-15 09:01:04\" data-filename=\"img_4627-500x400.jpg\" data-slide-type=\"image\"><img loading=\"lazy\" decoding=\"async\" src=\"https:\/\/www.wallschule-cloppenburg.de\/wp-content\/uploads\/2020\/05\/img_4627-500x400.jpg\" height=\"400\" width=\"500\" alt=\"\" class=\"slider-4852 slide-4858 msDefaultImage\" title=\"img_4627\" \/><\/li>\n            <\/ul>\n        <\/div>\n        \n    <\/div>\n<\/div><\/p>\n<p>&nbsp;<\/p>\n<h3 style=\"font-weight: bold; color: #21a2e2;\"><span style=\"color: #000000;\">Unser Bolzplatz<\/span><\/h3>\n<p><span style=\"color: #000000;\">Die gro\u00dfe Rasenfl\u00e4che mit fest montierten Toren gibt den ballfreudigen Kindern die M\u00f6glichkeit, nach Herzenslust zu bolzen. Eine Torwand erm\u00f6glicht den &#8222;Profis&#8220; das zielgenaue Schie\u00dfen zu trainieren. Die Tore konnten im Fr\u00fchling 2011 durch einen Sponsorenlauf der Wallsch\u00fcler finanziert und angeschafft werden.<\/span><\/p>\n<p style=\"text-align: center;\"><div id=\"metaslider-id-4861\" style=\"max-width: 500px;\" class=\"ml-slider-3-108-0 metaslider metaslider-flex metaslider-4861 ml-slider has-dots-nav ms-theme-default\" role=\"region\" aria-label=\"New Slideshow\" data-height=\"400\" data-width=\"500\">\n    <div id=\"metaslider_container_4861\">\n        <div id=\"metaslider_4861\">\n            <ul class='slides'>\n                <li style=\"display: block; width: 100%;\" class=\"slide-4862 ms-image \" aria-roledescription=\"slide\" data-date=\"2023-08-15 09:04:15\" data-filename=\"img_4636-500x400.jpg\" data-slide-type=\"image\"><img loading=\"lazy\" decoding=\"async\" src=\"https:\/\/www.wallschule-cloppenburg.de\/wp-content\/uploads\/2020\/05\/img_4636-500x400.jpg\" height=\"400\" width=\"500\" alt=\"\" class=\"slider-4861 slide-4862 msDefaultImage\" title=\"img_4636\" \/><\/li>\n                <li style=\"display: none; width: 100%;\" class=\"slide-4863 ms-image \" aria-roledescription=\"slide\" data-date=\"2023-08-15 09:04:27\" data-filename=\"img_4634-500x400.jpg\" data-slide-type=\"image\"><img loading=\"lazy\" decoding=\"async\" src=\"https:\/\/www.wallschule-cloppenburg.de\/wp-content\/uploads\/2020\/05\/img_4634-500x400.jpg\" height=\"400\" width=\"500\" alt=\"\" class=\"slider-4861 slide-4863 msDefaultImage\" title=\"img_4634\" \/><\/li>\n            <\/ul>\n        <\/div>\n        \n    <\/div>\n<\/div><\/p>\n<p>&nbsp;<\/p>\n<p>&nbsp;<\/p>\n<h3 style=\"font-weight: bold; color: #21a2e2;\"><span style=\"color: #000000;\">Unser Innenhof<\/span><\/h3>\n<p style=\"color: #666666;\"><span style=\"color: #000000;\">In den Sommermonaten haben die Sch\u00fclerinnen und Sch\u00fcler die M\u00f6glichkeit, sich in den Pausen auf den Innenhof zur\u00fcckzuziehen. Hier k\u00f6nnen sie lesen, sich etwas erz\u00e4hlen und entspannen. Au\u00dferdem finden sich hier ein Wasserspiel, eine Wetterstation, ein \u201eBuchentippi&#8220;, ein Insektenhotel und ein Rondell, in dem auch Unterricht im neuen \u201eGr\u00fcnen Klassenzimmer&#8220; gehalten werden kann.<\/span><\/p>\n<p style=\"text-align: center;\"><div id=\"metaslider-id-4866\" style=\"max-width: 500px;\" class=\"ml-slider-3-108-0 metaslider metaslider-flex metaslider-4866 ml-slider has-dots-nav ms-theme-default\" role=\"region\" aria-label=\"New Slideshow\" data-height=\"400\" data-width=\"500\">\n    <div id=\"metaslider_container_4866\">\n        <div id=\"metaslider_4866\">\n            <ul class='slides'>\n                <li style=\"display: block; width: 100%;\" class=\"slide-4867 ms-image \" aria-roledescription=\"slide\" data-date=\"2023-08-15 09:06:47\" data-filename=\"img_4631-500x400.jpg\" data-slide-type=\"image\"><img loading=\"lazy\" decoding=\"async\" src=\"https:\/\/www.wallschule-cloppenburg.de\/wp-content\/uploads\/2020\/05\/img_4631-500x400.jpg\" height=\"400\" width=\"500\" alt=\"\" class=\"slider-4866 slide-4867 msDefaultImage\" title=\"img_4631\" \/><\/li>\n                <li style=\"display: none; width: 100%;\" class=\"slide-4868 ms-image \" aria-roledescription=\"slide\" data-date=\"2023-08-15 09:06:57\" data-filename=\"img_4630-500x400.jpg\" data-slide-type=\"image\"><img loading=\"lazy\" decoding=\"async\" src=\"https:\/\/www.wallschule-cloppenburg.de\/wp-content\/uploads\/2020\/05\/img_4630-500x400.jpg\" height=\"400\" width=\"500\" alt=\"\" class=\"slider-4866 slide-4868 msDefaultImage\" title=\"img_4630\" \/><\/li>\n                <li style=\"display: none; width: 100%;\" class=\"slide-4869 ms-image \" aria-roledescription=\"slide\" data-date=\"2023-08-15 09:07:01\" data-filename=\"img_4629-500x400.jpg\" data-slide-type=\"image\"><img loading=\"lazy\" decoding=\"async\" src=\"https:\/\/www.wallschule-cloppenburg.de\/wp-content\/uploads\/2020\/05\/img_4629-500x400.jpg\" height=\"400\" width=\"500\" alt=\"\" class=\"slider-4866 slide-4869 msDefaultImage\" title=\"img_4629\" \/><\/li>\n                <li style=\"display: none; width: 100%;\" class=\"slide-4870 ms-image \" aria-roledescription=\"slide\" data-date=\"2023-08-15 09:07:07\" data-filename=\"img_4632-500x400.jpg\" data-slide-type=\"image\"><img loading=\"lazy\" decoding=\"async\" src=\"https:\/\/www.wallschule-cloppenburg.de\/wp-content\/uploads\/2020\/05\/img_4632-500x400.jpg\" height=\"400\" width=\"500\" alt=\"\" class=\"slider-4866 slide-4870 msDefaultImage\" title=\"img_4632\" \/><\/li>\n                <li style=\"display: none; width: 100%;\" class=\"slide-4877 ms-image \" aria-roledescription=\"slide\" data-date=\"2023-08-15 09:16:55\" data-filename=\"IMG_1831-500x400.jpg\" data-slide-type=\"image\"><img loading=\"lazy\" decoding=\"async\" src=\"https:\/\/www.wallschule-cloppenburg.de\/wp-content\/uploads\/2019\/02\/IMG_1831-500x400.jpg\" height=\"400\" width=\"500\" alt=\"\" class=\"slider-4866 slide-4877 msDefaultImage\" title=\"IMG_1831\" \/><\/li>\n                <li style=\"display: none; width: 100%;\" class=\"slide-4878 ms-image \" aria-roledescription=\"slide\" data-date=\"2023-08-15 09:17:06\" data-filename=\"IMG_1829-500x400.jpg\" data-slide-type=\"image\"><img loading=\"lazy\" decoding=\"async\" src=\"https:\/\/www.wallschule-cloppenburg.de\/wp-content\/uploads\/2019\/02\/IMG_1829-500x400.jpg\" height=\"400\" width=\"500\" alt=\"\" class=\"slider-4866 slide-4878 msDefaultImage\" title=\"IMG_1829\" \/><\/li>\n                <li style=\"display: none; width: 100%;\" class=\"slide-4880 ms-image \" aria-roledescription=\"slide\" data-date=\"2023-08-15 09:18:08\" data-filename=\"IMG_1835-500x400.jpg\" data-slide-type=\"image\"><img loading=\"lazy\" decoding=\"async\" src=\"https:\/\/www.wallschule-cloppenburg.de\/wp-content\/uploads\/2019\/02\/IMG_1835-500x400.jpg\" height=\"400\" width=\"500\" alt=\"\" class=\"slider-4866 slide-4880 msDefaultImage\" title=\"IMG_1835\" \/><\/li>\n            <\/ul>\n        <\/div>\n        \n    <\/div>\n<\/div><\/p>\n<p>&nbsp;<\/p>\n<h3 style=\"font-weight: bold; color: #21a2e2;\"><span style=\"color: #000000;\">Unsere Mensa<br \/>\n<\/span><\/h3>\n<p style=\"color: #666666;\"><span style=\"color: #000000;\">Hier k\u00f6nnen die Kinder, die am Ganztagsangebot teilnehmen, gemeinsam zu Mittag essen. Das Essen wird in die Schule geliefert und auf Tellern portioniert. Die Kinder k\u00f6nnen aber auch ihr eigenes Mittagessen mitbringen.<br \/>\n<\/span><\/p>\n<p style=\"text-align: center;\"><div id=\"metaslider-id-4873\" style=\"max-width: 500px;\" class=\"ml-slider-3-108-0 metaslider metaslider-flex metaslider-4873 ml-slider has-dots-nav ms-theme-default\" role=\"region\" aria-label=\"New Slideshow\" data-height=\"400\" data-width=\"500\">\n    <div id=\"metaslider_container_4873\">\n        <div id=\"metaslider_4873\">\n            <ul class='slides'>\n                <li style=\"display: block; width: 100%;\" class=\"slide-4874 ms-image \" aria-roledescription=\"slide\" data-date=\"2023-08-15 09:11:16\" data-filename=\"IMG_1689-500x400.jpg\" data-slide-type=\"image\"><img loading=\"lazy\" decoding=\"async\" src=\"https:\/\/www.wallschule-cloppenburg.de\/wp-content\/uploads\/2019\/01\/IMG_1689-500x400.jpg\" height=\"400\" width=\"500\" alt=\"\" class=\"slider-4873 slide-4874 msDefaultImage\" title=\"IMG_1689\" \/><\/li>\n                <li style=\"display: none; width: 100%;\" class=\"slide-4875 ms-image \" aria-roledescription=\"slide\" data-date=\"2023-08-15 09:11:22\" data-filename=\"IMG_1690-500x400.jpg\" data-slide-type=\"image\"><img loading=\"lazy\" decoding=\"async\" src=\"https:\/\/www.wallschule-cloppenburg.de\/wp-content\/uploads\/2019\/01\/IMG_1690-500x400.jpg\" height=\"400\" width=\"500\" alt=\"\" class=\"slider-4873 slide-4875 msDefaultImage\" title=\"IMG_1690\" \/><\/li>\n            <\/ul>\n        <\/div>\n        \n    <\/div>\n<\/div><\/p>\n<p>&nbsp;<\/p>\n<h3><strong>Unsere Brunnenhalle<\/strong><\/h3>\n<p>Lernraum, R\u00fcckzugsort, Durstl\u00f6scher, Aquarium, Diskussionsraum, Weihnachtsbaumplatz, Treffpunkt und noch so vieles mehr &#8211; das ist unsere Brunnenhalle!<\/p>\n<p style=\"text-align: center;\"><div id=\"metaslider-id-4882\" style=\"max-width: 500px;\" class=\"ml-slider-3-108-0 metaslider metaslider-flex metaslider-4882 ml-slider has-dots-nav ms-theme-default\" role=\"region\" aria-label=\"New Slideshow\" data-height=\"400\" data-width=\"500\">\n    <div id=\"metaslider_container_4882\">\n        <div id=\"metaslider_4882\">\n            <ul class='slides'>\n                <li style=\"display: block; width: 100%;\" class=\"slide-4883 ms-image \" aria-roledescription=\"slide\" data-date=\"2023-08-15 09:22:41\" data-filename=\"89ca1d79-6ca4-4788-8c19-1e2d02e184a2-500x400.jpg\" data-slide-type=\"image\"><img loading=\"lazy\" decoding=\"async\" src=\"https:\/\/www.wallschule-cloppenburg.de\/wp-content\/uploads\/2020\/04\/89ca1d79-6ca4-4788-8c19-1e2d02e184a2-500x400.jpg\" height=\"400\" width=\"500\" alt=\"\" class=\"slider-4882 slide-4883 msDefaultImage\" title=\"89ca1d79-6ca4-4788-8c19-1e2d02e184a2\" \/><\/li>\n                <li style=\"display: none; width: 100%;\" class=\"slide-4884 ms-image \" aria-roledescription=\"slide\" data-date=\"2023-08-15 09:22:45\" data-filename=\"1c039d71-4c9f-4a11-9bfa-dbc888f0f21d-500x400.jpg\" data-slide-type=\"image\"><img loading=\"lazy\" decoding=\"async\" src=\"https:\/\/www.wallschule-cloppenburg.de\/wp-content\/uploads\/2020\/04\/1c039d71-4c9f-4a11-9bfa-dbc888f0f21d-500x400.jpg\" height=\"400\" width=\"500\" alt=\"\" class=\"slider-4882 slide-4884 msDefaultImage\" title=\"1c039d71-4c9f-4a11-9bfa-dbc888f0f21d\" \/><\/li>\n                <li style=\"display: none; width: 100%;\" class=\"slide-4885 ms-image \" aria-roledescription=\"slide\" data-date=\"2023-08-15 09:23:33\" data-filename=\"IMG_1714-500x400.jpg\" data-slide-type=\"image\"><img loading=\"lazy\" decoding=\"async\" src=\"https:\/\/www.wallschule-cloppenburg.de\/wp-content\/uploads\/2019\/01\/IMG_1714-500x400.jpg\" height=\"400\" width=\"500\" alt=\"\" class=\"slider-4882 slide-4885 msDefaultImage\" title=\"IMG_1714\" \/><\/li>\n                <li style=\"display: none; width: 100%;\" class=\"slide-4886 ms-image \" aria-roledescription=\"slide\" data-date=\"2023-08-15 09:23:38\" data-filename=\"IMG_1712-500x400.jpg\" data-slide-type=\"image\"><img loading=\"lazy\" decoding=\"async\" src=\"https:\/\/www.wallschule-cloppenburg.de\/wp-content\/uploads\/2019\/01\/IMG_1712-500x400.jpg\" height=\"400\" width=\"500\" alt=\"\" class=\"slider-4882 slide-4886 msDefaultImage\" title=\"IMG_1712\" \/><\/li>\n                <li style=\"display: none; width: 100%;\" class=\"slide-4887 ms-image \" aria-roledescription=\"slide\" data-date=\"2023-08-15 09:24:20\" data-filename=\"IMG_1711-e1692084249379-500x400.jpg\" data-slide-type=\"image\"><img loading=\"lazy\" decoding=\"async\" src=\"https:\/\/www.wallschule-cloppenburg.de\/wp-content\/uploads\/2019\/01\/IMG_1711-e1692084249379-500x400.jpg\" height=\"400\" width=\"500\" alt=\"\" class=\"slider-4882 slide-4887 msDefaultImage\" title=\"IMG_1711\" \/><\/li>\n            <\/ul>\n        <\/div>\n        \n    <\/div>\n<\/div><\/p>\n","protected":false},"excerpt":{"rendered":"<p>Unser Schulhof In den Pausen k\u00f6nnen sich die Kinder bewegen und Kraft sammeln f\u00fcr die kommenden Schulstunden. Neben den Spielger\u00e4ten gibt es eine Spieleausleihe, die von den Kindern selbst verwaltet wird. &nbsp; Unser Bolzplatz Die gro\u00dfe Rasenfl\u00e4che mit fest montierten Toren gibt den ballfreudigen Kindern die M\u00f6glichkeit, nach Herzenslust zu bolzen. Eine Torwand erm\u00f6glicht den &#8230; <a title=\"Rundgang\" class=\"read-more\" href=\"https:\/\/www.wallschule-cloppenburg.de\/?page_id=37\" aria-label=\"Mehr Informationen \u00fcber Rundgang\">Weiterlesen<\/a><\/p>\n","protected":false},"author":1,"featured_media":0,"parent":19,"menu_order":3,"comment_status":"closed","ping_status":"closed","template":"","meta":{"_eb_attr":"","footnotes":""},"class_list":["post-37","page","type-page","status-publish"],"_links":{"self":[{"href":"https:\/\/www.wallschule-cloppenburg.de\/index.php?rest_route=\/wp\/v2\/pages\/37","targetHints":{"allow":["GET"]}}],"collection":[{"href":"https:\/\/www.wallschule-cloppenburg.de\/index.php?rest_route=\/wp\/v2\/pages"}],"about":[{"href":"https:\/\/www.wallschule-cloppenburg.de\/index.php?rest_route=\/wp\/v2\/types\/page"}],"author":[{"embeddable":true,"href":"https:\/\/www.wallschule-cloppenburg.de\/index.php?rest_route=\/wp\/v2\/users\/1"}],"replies":[{"embeddable":true,"href":"https:\/\/www.wallschule-cloppenburg.de\/index.php?rest_route=%2Fwp%2Fv2%2Fcomments&post=37"}],"version-history":[{"count":39,"href":"https:\/\/www.wallschule-cloppenburg.de\/index.php?rest_route=\/wp\/v2\/pages\/37\/revisions"}],"predecessor-version":[{"id":4889,"href":"https:\/\/www.wallschule-cloppenburg.de\/index.php?rest_route=\/wp\/v2\/pages\/37\/revisions\/4889"}],"up":[{"embeddable":true,"href":"https:\/\/www.wallschule-cloppenburg.de\/index.php?rest_route=\/wp\/v2\/pages\/19"}],"wp:attachment":[{"href":"https:\/\/www.wallschule-cloppenburg.de\/index.php?rest_route=%2Fwp%2Fv2%2Fmedia&parent=37"}],"curies":[{"name":"wp","href":"https:\/\/api.w.org\/{rel}","templated":true}]}}