{"id":4561,"date":"2022-11-06T20:49:02","date_gmt":"2022-11-06T18:49:02","guid":{"rendered":"https:\/\/www.wallschule-cloppenburg.de\/?page_id=4561"},"modified":"2023-11-09T15:28:37","modified_gmt":"2023-11-09T13:28:37","slug":"medienerziehung","status":"publish","type":"page","link":"https:\/\/www.wallschule-cloppenburg.de\/?page_id=4561","title":{"rendered":"Medienerziehung"},"content":{"rendered":"<p>Sch\u00fctzen Sie Ihre Kinder im Umgang mit Medien.<\/p>\n<p>In der heutigen Zeit sind Tablets und Handys nicht mehr wegzudenken. Ihre Kinder wachsen mit diesen Medien auf. Viele von ihnen nutzen Handys oder Tablets schon selbstst\u00e4ndig, einige haben sogar schon eigene Ger\u00e4te.<\/p>\n<p>Es liegt uns sehr am Herzen, dass Ihr Kind sicher im Umgang mit diesen Medien umgehen kann. Auch im Unterricht werden unsere schuleigenen Tablets eingesetzt.<\/p>\n<p>&nbsp;<\/p>\n<p>Ganz wichtig ist es dabei, dass die Kinder wissen, wie sie sich im Internet sch\u00fctzen k\u00f6nnen und M\u00dcSSEN.<\/p>\n<p>Hilfreiche Tipps bekommen Sie \u00fcber den folgenden Link der polizeip\u00e4dagogischen Puppenb\u00fchne, die das Thema Mediensicherheit immer wieder hervorragend kindgerecht vermittelt.<\/p>\n<p><a href=\"https:\/\/www.wallschule-cloppenburg.de\/wp-content\/uploads\/2022\/11\/PaePP_Elterninfo-mit-Linkliste.pdf\">Elterninformation Medienkompetenz<\/a><\/p>\n<p><img loading=\"lazy\" decoding=\"async\" class=\"alignnone wp-image-4568 size-full\" src=\"https:\/\/www.wallschule-cloppenburg.de\/wp-content\/uploads\/2022\/11\/6AFACEBC-F496-4A16-BEBE-742381FBF368.jpeg\" alt=\"\" width=\"985\" height=\"580\" srcset=\"https:\/\/www.wallschule-cloppenburg.de\/wp-content\/uploads\/2022\/11\/6AFACEBC-F496-4A16-BEBE-742381FBF368.jpeg 985w, https:\/\/www.wallschule-cloppenburg.de\/wp-content\/uploads\/2022\/11\/6AFACEBC-F496-4A16-BEBE-742381FBF368-300x177.jpeg 300w, https:\/\/www.wallschule-cloppenburg.de\/wp-content\/uploads\/2022\/11\/6AFACEBC-F496-4A16-BEBE-742381FBF368-768x452.jpeg 768w\" sizes=\"auto, (max-width: 985px) 100vw, 985px\" \/><\/p>\n<p>&nbsp;<\/p>\n","protected":false},"excerpt":{"rendered":"<p>Sch\u00fctzen Sie Ihre Kinder im Umgang mit Medien. In der heutigen Zeit sind Tablets und Handys nicht mehr wegzudenken. Ihre Kinder wachsen mit diesen Medien auf. Viele von ihnen nutzen Handys oder Tablets schon selbstst\u00e4ndig, einige haben sogar schon eigene Ger\u00e4te. Es liegt uns sehr am Herzen, dass Ihr Kind sicher im Umgang mit diesen &#8230; <a title=\"Medienerziehung\" class=\"read-more\" href=\"https:\/\/www.wallschule-cloppenburg.de\/?page_id=4561\" aria-label=\"Mehr Informationen \u00fcber Medienerziehung\">Weiterlesen<\/a><\/p>\n","protected":false},"author":6,"featured_media":0,"parent":101,"menu_order":4,"comment_status":"closed","ping_status":"closed","template":"","meta":{"_eb_attr":"","footnotes":""},"class_list":["post-4561","page","type-page","status-publish"],"_links":{"self":[{"href":"https:\/\/www.wallschule-cloppenburg.de\/index.php?rest_route=\/wp\/v2\/pages\/4561","targetHints":{"allow":["GET"]}}],"collection":[{"href":"https:\/\/www.wallschule-cloppenburg.de\/index.php?rest_route=\/wp\/v2\/pages"}],"about":[{"href":"https:\/\/www.wallschule-cloppenburg.de\/index.php?rest_route=\/wp\/v2\/types\/page"}],"author":[{"embeddable":true,"href":"https:\/\/www.wallschule-cloppenburg.de\/index.php?rest_route=\/wp\/v2\/users\/6"}],"replies":[{"embeddable":true,"href":"https:\/\/www.wallschule-cloppenburg.de\/index.php?rest_route=%2Fwp%2Fv2%2Fcomments&post=4561"}],"version-history":[{"count":6,"href":"https:\/\/www.wallschule-cloppenburg.de\/index.php?rest_route=\/wp\/v2\/pages\/4561\/revisions"}],"predecessor-version":[{"id":4569,"href":"https:\/\/www.wallschule-cloppenburg.de\/index.php?rest_route=\/wp\/v2\/pages\/4561\/revisions\/4569"}],"up":[{"embeddable":true,"href":"https:\/\/www.wallschule-cloppenburg.de\/index.php?rest_route=\/wp\/v2\/pages\/101"}],"wp:attachment":[{"href":"https:\/\/www.wallschule-cloppenburg.de\/index.php?rest_route=%2Fwp%2Fv2%2Fmedia&parent=4561"}],"curies":[{"name":"wp","href":"https:\/\/api.w.org\/{rel}","templated":true}]}}