{"id":4607,"date":"2023-01-25T13:39:11","date_gmt":"2023-01-25T11:39:11","guid":{"rendered":"https:\/\/www.wallschule-cloppenburg.de\/?page_id=4607"},"modified":"2025-09-30T15:43:26","modified_gmt":"2025-09-30T13:43:26","slug":"verkehrssituation-wallschule","status":"publish","type":"page","link":"https:\/\/www.wallschule-cloppenburg.de\/?page_id=4607","title":{"rendered":"Verkehrssituation Wallschule"},"content":{"rendered":"<p>Liebe Eltern,<\/p>\n<p>falsch parkende Autos und r\u00fccksichtslose Wendemann\u00f6ver f\u00fchren an unserer Schule zu sehr gef\u00e4hrlichen Situationen f\u00fcr unsere Sch\u00fclerInnen. Besonders an Regentagen ist kommt es zu einem erh\u00f6hten Verkehrausgebot direkt vor unserem Schultor und daher zu vielen gef\u00e4hrlichen Situationen f\u00fcr die Kinder. Wir sind sehr froh, dass es bislang nicht zu schweren Unf\u00e4llen gekommen ist.<\/p>\n<p>Aus diesem Grund haben sich die Kinder der iPad-AG kreative Videosequenzen \u00fcberlegt, um die Eltern nochmals drauf hinzuweisen.<\/p>\n<p><video controls=\"controls\" width=\"300\" height=\"150\"><source src=\"https:\/\/www.wallschule-cloppenburg.de\/wp-content\/uploads\/2023\/01\/IMG_1755.mov\" \/><\/video><video controls=\"controls\" width=\"300\" height=\"150\"><source src=\"https:\/\/www.wallschule-cloppenburg.de\/wp-content\/uploads\/2023\/01\/IMG_1753.mov\" \/><\/video><\/p>\n<p>Eine tolle Leistung der Kinder mit einem \u00a0hoffentlich durchdringenden Appell:<\/p>\n<p><strong>Bitte nutzen Sie die Hol- und Bringzonen am B\u00fclt und an der Dr\u00fcdingstra\u00dfe, nehmen sie R\u00fccksicht auf Kinder, die mit dem Fahhrad oder zu Fu\u00df zur Schule kommen und seien Sie ein Vorbild. Danke!<\/strong><\/p>\n<p>&nbsp;<\/p>\n<p>Bitte beachten Sie au\u00dferdem, dass die Kinder in der dunklen Jahreszeit mit gut sichtbarer Kleidung (z. B. Warnwesten) ausgestattet sind!<\/p>\n<p><img loading=\"lazy\" decoding=\"async\" class=\"alignnone size-full wp-image-6118\" src=\"https:\/\/www.wallschule-cloppenburg.de\/wp-content\/uploads\/2025\/09\/Sicherheit-bei-Dunkelheit-Sehen-und-gesehen-werden-BGHW-scaled.jpg\" alt=\"\" width=\"2560\" height=\"1920\" srcset=\"https:\/\/www.wallschule-cloppenburg.de\/wp-content\/uploads\/2025\/09\/Sicherheit-bei-Dunkelheit-Sehen-und-gesehen-werden-BGHW-scaled.jpg 2560w, https:\/\/www.wallschule-cloppenburg.de\/wp-content\/uploads\/2025\/09\/Sicherheit-bei-Dunkelheit-Sehen-und-gesehen-werden-BGHW-300x225.jpg 300w, https:\/\/www.wallschule-cloppenburg.de\/wp-content\/uploads\/2025\/09\/Sicherheit-bei-Dunkelheit-Sehen-und-gesehen-werden-BGHW-1024x768.jpg 1024w, https:\/\/www.wallschule-cloppenburg.de\/wp-content\/uploads\/2025\/09\/Sicherheit-bei-Dunkelheit-Sehen-und-gesehen-werden-BGHW-768x576.jpg 768w, https:\/\/www.wallschule-cloppenburg.de\/wp-content\/uploads\/2025\/09\/Sicherheit-bei-Dunkelheit-Sehen-und-gesehen-werden-BGHW-1536x1152.jpg 1536w, https:\/\/www.wallschule-cloppenburg.de\/wp-content\/uploads\/2025\/09\/Sicherheit-bei-Dunkelheit-Sehen-und-gesehen-werden-BGHW-2048x1536.jpg 2048w\" sizes=\"auto, (max-width: 2560px) 100vw, 2560px\" \/> <img loading=\"lazy\" decoding=\"async\" class=\"alignnone size-full wp-image-6120\" src=\"https:\/\/www.wallschule-cloppenburg.de\/wp-content\/uploads\/2025\/09\/Sichtbarkeit-von-Kindern-bei-Dunkelheit-DGUV.jpg\" alt=\"\" width=\"1100\" height=\"619\" srcset=\"https:\/\/www.wallschule-cloppenburg.de\/wp-content\/uploads\/2025\/09\/Sichtbarkeit-von-Kindern-bei-Dunkelheit-DGUV.jpg 1100w, https:\/\/www.wallschule-cloppenburg.de\/wp-content\/uploads\/2025\/09\/Sichtbarkeit-von-Kindern-bei-Dunkelheit-DGUV-300x169.jpg 300w, https:\/\/www.wallschule-cloppenburg.de\/wp-content\/uploads\/2025\/09\/Sichtbarkeit-von-Kindern-bei-Dunkelheit-DGUV-1024x576.jpg 1024w, https:\/\/www.wallschule-cloppenburg.de\/wp-content\/uploads\/2025\/09\/Sichtbarkeit-von-Kindern-bei-Dunkelheit-DGUV-768x432.jpg 768w\" sizes=\"auto, (max-width: 1100px) 100vw, 1100px\" \/><\/p>\n<p>Bildquellen: Gemeinde-Unfallversicherungsverband Oldenburg<\/p>\n","protected":false},"excerpt":{"rendered":"<p>Liebe Eltern, falsch parkende Autos und r\u00fccksichtslose Wendemann\u00f6ver f\u00fchren an unserer Schule zu sehr gef\u00e4hrlichen Situationen f\u00fcr unsere Sch\u00fclerInnen. Besonders an Regentagen ist kommt es zu einem erh\u00f6hten Verkehrausgebot direkt vor unserem Schultor und daher zu vielen gef\u00e4hrlichen Situationen f\u00fcr die Kinder. Wir sind sehr froh, dass es bislang nicht zu schweren Unf\u00e4llen gekommen ist. &#8230; <a title=\"Verkehrssituation Wallschule\" class=\"read-more\" href=\"https:\/\/www.wallschule-cloppenburg.de\/?page_id=4607\" aria-label=\"Mehr Informationen \u00fcber Verkehrssituation Wallschule\">Weiterlesen<\/a><\/p>\n","protected":false},"author":6,"featured_media":0,"parent":101,"menu_order":5,"comment_status":"closed","ping_status":"closed","template":"","meta":{"_eb_attr":"","footnotes":""},"class_list":["post-4607","page","type-page","status-publish"],"_links":{"self":[{"href":"https:\/\/www.wallschule-cloppenburg.de\/index.php?rest_route=\/wp\/v2\/pages\/4607","targetHints":{"allow":["GET"]}}],"collection":[{"href":"https:\/\/www.wallschule-cloppenburg.de\/index.php?rest_route=\/wp\/v2\/pages"}],"about":[{"href":"https:\/\/www.wallschule-cloppenburg.de\/index.php?rest_route=\/wp\/v2\/types\/page"}],"author":[{"embeddable":true,"href":"https:\/\/www.wallschule-cloppenburg.de\/index.php?rest_route=\/wp\/v2\/users\/6"}],"replies":[{"embeddable":true,"href":"https:\/\/www.wallschule-cloppenburg.de\/index.php?rest_route=%2Fwp%2Fv2%2Fcomments&post=4607"}],"version-history":[{"count":7,"href":"https:\/\/www.wallschule-cloppenburg.de\/index.php?rest_route=\/wp\/v2\/pages\/4607\/revisions"}],"predecessor-version":[{"id":6121,"href":"https:\/\/www.wallschule-cloppenburg.de\/index.php?rest_route=\/wp\/v2\/pages\/4607\/revisions\/6121"}],"up":[{"embeddable":true,"href":"https:\/\/www.wallschule-cloppenburg.de\/index.php?rest_route=\/wp\/v2\/pages\/101"}],"wp:attachment":[{"href":"https:\/\/www.wallschule-cloppenburg.de\/index.php?rest_route=%2Fwp%2Fv2%2Fmedia&parent=4607"}],"curies":[{"name":"wp","href":"https:\/\/api.w.org\/{rel}","templated":true}]}}