{"id":4758,"date":"2023-07-02T12:37:12","date_gmt":"2023-07-02T10:37:12","guid":{"rendered":"https:\/\/www.wallschule-cloppenburg.de\/?page_id=4758"},"modified":"2023-07-02T18:00:13","modified_gmt":"2023-07-02T16:00:13","slug":"schulfest-2023","status":"publish","type":"page","link":"https:\/\/www.wallschule-cloppenburg.de\/?page_id=4758","title":{"rendered":"Schulfest 2023"},"content":{"rendered":"<p>Am 30.6. fand unser diesj\u00e4hriges Schulfest unter dem Motto &#8222;Zeig was du kannst!&#8220; statt! Das lie\u00dfen sich die Wallsch\u00fcler:innen nicht zweimal sagen! Den ganzen Nachmittag standen kleine und gro\u00dfe Talente auf der B\u00fchne auf dem Schulhof der Wallschule und zeigten ihr K\u00f6nnen.<\/p>\n<p>Die Schulfest-AG unter der Leitung von Frau M\u00fcnzebrock er\u00f6ffnete das Schulfest mit einer tollen B\u00fchnenshow. Zuerst sangen sie das Schulfest-Lied &#8222;Hey es geht los&#8220; mit Unterst\u00fctzung aller Wallschul-Kinder. Anschlie\u00dfend zeigte die Akrobatik-AG ihr K\u00f6nnen und ein Radschlag folgte dem n\u00e4chsten. Zu &#8222;Uptown-Funk&#8220; von Bruno Mars performten die Kinder einen Tanz. Doch mit dem letzten Wort &#8222;Stop!&#8220; war die Schulleiterin Frau Niemeyer nicht einverstanden: &#8222;Was hei\u00dft hier Stop? Jetzt geht es doch erst richtig los!&#8220;, rief sie startete damit das Schulfest.<\/p>\n<p>Die Sch\u00fclersprecherinnen lie\u00dfen es sich nicht nehmen, alle Anwesenden zu begr\u00fc\u00dfen. Da sie als Viertkl\u00e4sslerinnen bald die Schule verlassen werden, \u00fcberraschten sie das Team der Wallschule noch mit ein paar selbst gedichteten Reimen. &#8222;Frau Ballmann, die alles kann&#8220;, &#8222;Frau M\u00f6ller-Gerdes ist was ganz besonderes&#8220;, &#8222;Herr Feldkamp ist viel cooler als Donald Trump&#8220; und &#8222;Frau Kunze im B\u00fcro macht Eltern, Lehrer und Kinder froh!&#8220;<\/p>\n<p>Alle Kinder konnten sich eine Laufkarte holen und an verschiedenen Stationen ihr K\u00f6nnen und ihre Talente unter Beweis stellen. Ob Seil springen, Wand sitzen, Becher stapeln, Kartenh\u00e4user bauen, Hula Hoop, Fu\u00dfball hochhalten, Tennis Talente, N\u00e4geln h\u00e4mmern, Schokokuss-Kanone oder Sinne erproben, Blumenketten basteln Kreatives mit Naturmaterialien &#8211; f\u00fcr jede:n war etwas dabei!<\/p>\n<p>Und wer eine Pause von den kreativen und sportlichen Aktivit\u00e4ten brauchte, konnte sich mit Pommes, Bratwurst, Kuchen, Kaffee und kalten Getr\u00e4nken st\u00e4rken.<\/p>\n<p>Neben den Stationen konnten die Kinder sich noch in einer H\u00fcpfburg vergn\u00fcgen, ein echtes Feuerwehrauto der Feuerwehr Cloppenburg von innen und au\u00dfen erkunden oder Lose bei der Tombola ziehen. Dort winkten als Hauptpreise sogar ein Hausaufgabengutschein f\u00fcr die ganze Klasse, ein Roller, ein Basketballkorb und ein Fahrrad!<\/p>\n<p>Bei der Siegerehrung wurden dann noch einmal die besten Talente der Stationen geehrt. Ein M\u00e4dchen schaffte 16 Minuten beim Wandsitzen und ein Junge konnte 350 Mal einen Tischtennisball hochhalten!<\/p>\n<p>Das Team der Wallschule bedankt sich ganz herzlich bei allen Eltern, Kindern, Sponsor:innen, dem F\u00f6rderverein der Wallschule und allen Helfer:innen im Hintergrund f\u00fcr den tollen Nachmittag und das Gelingen unseres Schulfestes!<\/p>\n<div class=\"n2_ss_slider_publish__option_code\" dir=\"ltr\" data-mode=\"id\"><div id=\"metaslider-id-4801\" style=\"max-width: 500px;\" class=\"ml-slider-3-109-0 metaslider metaslider-flex metaslider-4801 ml-slider has-dots-nav ms-theme-default\" role=\"region\" aria-label=\"New Slideshow\" data-height=\"400\" data-width=\"500\">\n    <div id=\"metaslider_container_4801\">\n        <div id=\"metaslider_4801\">\n            <ul class='slides'>\n                <li style=\"display: block; width: 100%;\" class=\"slide-4804 ms-image \" aria-roledescription=\"slide\" data-date=\"2023-07-02 17:58:04\" data-filename=\"IMG_2079-500x400.jpeg\" data-slide-type=\"image\"><img loading=\"lazy\" decoding=\"async\" src=\"https:\/\/www.wallschule-cloppenburg.de\/wp-content\/uploads\/2023\/07\/IMG_2079-500x400.jpeg\" height=\"400\" width=\"500\" alt=\"\" class=\"slider-4801 slide-4804 msDefaultImage\" title=\"IMG_2079\" \/><\/li>\n                <li style=\"display: none; width: 100%;\" class=\"slide-4805 ms-image \" aria-roledescription=\"slide\" data-date=\"2023-07-02 17:58:04\" data-filename=\"IMG_2083-500x400.jpeg\" data-slide-type=\"image\"><img loading=\"lazy\" decoding=\"async\" src=\"https:\/\/www.wallschule-cloppenburg.de\/wp-content\/uploads\/2023\/07\/IMG_2083-500x400.jpeg\" height=\"400\" width=\"500\" alt=\"\" class=\"slider-4801 slide-4805 msDefaultImage\" title=\"IMG_2083\" \/><\/li>\n                <li style=\"display: none; width: 100%;\" class=\"slide-4811 ms-image \" aria-roledescription=\"slide\" data-date=\"2023-07-02 17:59:34\" data-filename=\"IMG_2073-500x400.jpeg\" data-slide-type=\"image\"><img loading=\"lazy\" decoding=\"async\" src=\"https:\/\/www.wallschule-cloppenburg.de\/wp-content\/uploads\/2023\/07\/IMG_2073-500x400.jpeg\" height=\"400\" width=\"500\" alt=\"\" class=\"slider-4801 slide-4811 msDefaultImage\" title=\"IMG_2073\" \/><\/li>\n                <li style=\"display: none; width: 100%;\" class=\"slide-4812 ms-image \" aria-roledescription=\"slide\" data-date=\"2023-07-02 17:59:34\" data-filename=\"05d44e18-923d-48c3-9d67-1e8432e5c127-500x400.jpg\" data-slide-type=\"image\"><img loading=\"lazy\" decoding=\"async\" src=\"https:\/\/www.wallschule-cloppenburg.de\/wp-content\/uploads\/2023\/07\/05d44e18-923d-48c3-9d67-1e8432e5c127-500x400.jpg\" height=\"400\" width=\"500\" alt=\"\" class=\"slider-4801 slide-4812 msDefaultImage\" title=\"05d44e18-923d-48c3-9d67-1e8432e5c127\" \/><\/li>\n                <li style=\"display: none; width: 100%;\" class=\"slide-4813 ms-image \" aria-roledescription=\"slide\" data-date=\"2023-07-02 17:59:34\" data-filename=\"96d95e4e-640f-4886-addd-b6f545144b0b-1-500x400.jpg\" data-slide-type=\"image\"><img loading=\"lazy\" decoding=\"async\" src=\"https:\/\/www.wallschule-cloppenburg.de\/wp-content\/uploads\/2023\/07\/96d95e4e-640f-4886-addd-b6f545144b0b-1-500x400.jpg\" height=\"400\" width=\"500\" alt=\"\" class=\"slider-4801 slide-4813 msDefaultImage\" title=\"96d95e4e-640f-4886-addd-b6f545144b0b\" \/><\/li>\n                <li style=\"display: none; width: 100%;\" class=\"slide-4814 ms-image \" aria-roledescription=\"slide\" data-date=\"2023-07-02 17:59:34\" data-filename=\"9ce65828-4a64-4822-9816-b0ede0309961-1-500x400.jpg\" data-slide-type=\"image\"><img loading=\"lazy\" decoding=\"async\" src=\"https:\/\/www.wallschule-cloppenburg.de\/wp-content\/uploads\/2023\/07\/9ce65828-4a64-4822-9816-b0ede0309961-1-500x400.jpg\" height=\"400\" width=\"500\" alt=\"\" class=\"slider-4801 slide-4814 msDefaultImage\" title=\"9ce65828-4a64-4822-9816-b0ede0309961\" \/><\/li>\n                <li style=\"display: none; width: 100%;\" class=\"slide-4815 ms-image \" aria-roledescription=\"slide\" data-date=\"2023-07-02 17:59:34\" data-filename=\"b5687fb2-3de7-4bcf-b63f-1185a4828eee-1-500x400.jpg\" data-slide-type=\"image\"><img loading=\"lazy\" decoding=\"async\" src=\"https:\/\/www.wallschule-cloppenburg.de\/wp-content\/uploads\/2023\/07\/b5687fb2-3de7-4bcf-b63f-1185a4828eee-1-500x400.jpg\" height=\"400\" width=\"500\" alt=\"\" class=\"slider-4801 slide-4815 msDefaultImage\" title=\"b5687fb2-3de7-4bcf-b63f-1185a4828eee\" \/><\/li>\n            <\/ul>\n        <\/div>\n        \n    <\/div>\n<\/div><\/div>\n","protected":false},"excerpt":{"rendered":"<p>Am 30.6. fand unser diesj\u00e4hriges Schulfest unter dem Motto &#8222;Zeig was du kannst!&#8220; statt! Das lie\u00dfen sich die Wallsch\u00fcler:innen nicht zweimal sagen! Den ganzen Nachmittag standen kleine und gro\u00dfe Talente auf der B\u00fchne auf dem Schulhof der Wallschule und zeigten ihr K\u00f6nnen. Die Schulfest-AG unter der Leitung von Frau M\u00fcnzebrock er\u00f6ffnete das Schulfest mit einer &#8230; <a title=\"Schulfest 2023\" class=\"read-more\" href=\"https:\/\/www.wallschule-cloppenburg.de\/?page_id=4758\" aria-label=\"Mehr Informationen \u00fcber Schulfest 2023\">Weiterlesen<\/a><\/p>\n","protected":false},"author":4,"featured_media":0,"parent":4486,"menu_order":0,"comment_status":"closed","ping_status":"closed","template":"","meta":{"_eb_attr":"","footnotes":""},"class_list":["post-4758","page","type-page","status-publish"],"_links":{"self":[{"href":"https:\/\/www.wallschule-cloppenburg.de\/index.php?rest_route=\/wp\/v2\/pages\/4758","targetHints":{"allow":["GET"]}}],"collection":[{"href":"https:\/\/www.wallschule-cloppenburg.de\/index.php?rest_route=\/wp\/v2\/pages"}],"about":[{"href":"https:\/\/www.wallschule-cloppenburg.de\/index.php?rest_route=\/wp\/v2\/types\/page"}],"author":[{"embeddable":true,"href":"https:\/\/www.wallschule-cloppenburg.de\/index.php?rest_route=\/wp\/v2\/users\/4"}],"replies":[{"embeddable":true,"href":"https:\/\/www.wallschule-cloppenburg.de\/index.php?rest_route=%2Fwp%2Fv2%2Fcomments&post=4758"}],"version-history":[{"count":7,"href":"https:\/\/www.wallschule-cloppenburg.de\/index.php?rest_route=\/wp\/v2\/pages\/4758\/revisions"}],"predecessor-version":[{"id":4816,"href":"https:\/\/www.wallschule-cloppenburg.de\/index.php?rest_route=\/wp\/v2\/pages\/4758\/revisions\/4816"}],"up":[{"embeddable":true,"href":"https:\/\/www.wallschule-cloppenburg.de\/index.php?rest_route=\/wp\/v2\/pages\/4486"}],"wp:attachment":[{"href":"https:\/\/www.wallschule-cloppenburg.de\/index.php?rest_route=%2Fwp%2Fv2%2Fmedia&parent=4758"}],"curies":[{"name":"wp","href":"https:\/\/api.w.org\/{rel}","templated":true}]}}