{"id":5161,"date":"2023-11-09T15:27:08","date_gmt":"2023-11-09T13:27:08","guid":{"rendered":"https:\/\/www.wallschule-cloppenburg.de\/?page_id=5161"},"modified":"2025-09-30T15:24:19","modified_gmt":"2025-09-30T13:24:19","slug":"schulvorstand","status":"publish","type":"page","link":"https:\/\/www.wallschule-cloppenburg.de\/?page_id=5161","title":{"rendered":"Schulvorstand"},"content":{"rendered":"<p>Im Schulvorstand entscheiden Eltern und Lehrkr\u00e4fte gemeinsam \u00fcber Inhalte und Ausgestaltung der schulischen Arbeit. Der Schulelternrat w\u00e4hlt jene Eltern, die im Schulvorstand aktiv werden. W\u00e4hlbar sind alle Erziehungsberechtigten, die ein Kind an der Schule haben. Die Entscheidungsbefugnisse des Schulvorstands sind im \u00a738 Abs. 3 NSchG festgelegt.<\/p>\n<p>&nbsp;<\/p>\n<p><strong>Vertreter*innen der Elternschaft im Schulvorstand:<\/strong><\/p>\n<p>Lydia Elmamy (2b), Vertretung: Michael Wewer (3c)<\/p>\n<p>Galina Merz (1a), Vertretung: Cindy Gehlenborg (1d)<\/p>\n<p>Carsten Groneick (3c), Vertretung: Stefanie Casagrande-Spark (3a)<\/p>\n<p>Irina Wald (2b), Vertretung: Kathrin Witte (1b)<\/p>\n<p>&nbsp;<\/p>\n<p><strong>Vertreter*innen der Lehrkr\u00e4fte im Schulvorstand:<\/strong><\/p>\n<p>Svea Marie Ballmann, Vertretung: Katja Kl\u00e4ne-Menke<\/p>\n<p>Pia Raker, Vertretung: Hanna Schiller<\/p>\n<p>Ulrike Meyer-Rosema, Vertretung: Barbara Breher<\/p>\n<p>Nils Privenau, Vertretung: Nadja Brozio<\/p>\n","protected":false},"excerpt":{"rendered":"<p>Im Schulvorstand entscheiden Eltern und Lehrkr\u00e4fte gemeinsam \u00fcber Inhalte und Ausgestaltung der schulischen Arbeit. Der Schulelternrat w\u00e4hlt jene Eltern, die im Schulvorstand aktiv werden. W\u00e4hlbar sind alle Erziehungsberechtigten, die ein Kind an der Schule haben. Die Entscheidungsbefugnisse des Schulvorstands sind im \u00a738 Abs. 3 NSchG festgelegt. &nbsp; Vertreter*innen der Elternschaft im Schulvorstand: Lydia Elmamy (2b), &#8230; <a title=\"Schulvorstand\" class=\"read-more\" href=\"https:\/\/www.wallschule-cloppenburg.de\/?page_id=5161\" aria-label=\"Mehr Informationen \u00fcber Schulvorstand\">Weiterlesen<\/a><\/p>\n","protected":false},"author":4,"featured_media":0,"parent":101,"menu_order":2,"comment_status":"closed","ping_status":"closed","template":"","meta":{"_eb_attr":"","footnotes":""},"class_list":["post-5161","page","type-page","status-publish"],"_links":{"self":[{"href":"https:\/\/www.wallschule-cloppenburg.de\/index.php?rest_route=\/wp\/v2\/pages\/5161","targetHints":{"allow":["GET"]}}],"collection":[{"href":"https:\/\/www.wallschule-cloppenburg.de\/index.php?rest_route=\/wp\/v2\/pages"}],"about":[{"href":"https:\/\/www.wallschule-cloppenburg.de\/index.php?rest_route=\/wp\/v2\/types\/page"}],"author":[{"embeddable":true,"href":"https:\/\/www.wallschule-cloppenburg.de\/index.php?rest_route=\/wp\/v2\/users\/4"}],"replies":[{"embeddable":true,"href":"https:\/\/www.wallschule-cloppenburg.de\/index.php?rest_route=%2Fwp%2Fv2%2Fcomments&post=5161"}],"version-history":[{"count":3,"href":"https:\/\/www.wallschule-cloppenburg.de\/index.php?rest_route=\/wp\/v2\/pages\/5161\/revisions"}],"predecessor-version":[{"id":6115,"href":"https:\/\/www.wallschule-cloppenburg.de\/index.php?rest_route=\/wp\/v2\/pages\/5161\/revisions\/6115"}],"up":[{"embeddable":true,"href":"https:\/\/www.wallschule-cloppenburg.de\/index.php?rest_route=\/wp\/v2\/pages\/101"}],"wp:attachment":[{"href":"https:\/\/www.wallschule-cloppenburg.de\/index.php?rest_route=%2Fwp%2Fv2%2Fmedia&parent=5161"}],"curies":[{"name":"wp","href":"https:\/\/api.w.org\/{rel}","templated":true}]}}