{"id":5372,"date":"2024-04-07T09:25:31","date_gmt":"2024-04-07T07:25:31","guid":{"rendered":"https:\/\/www.wallschule-cloppenburg.de\/?page_id=5372"},"modified":"2024-04-08T15:42:38","modified_gmt":"2024-04-08T13:42:38","slug":"schuelerinnen-unfallversicherung","status":"publish","type":"page","link":"https:\/\/www.wallschule-cloppenburg.de\/?page_id=5372","title":{"rendered":"Sch\u00fcler*innen-Unfallversicherung"},"content":{"rendered":"<p>Liebe Eltern,<\/p>\n<p>der Gemeinde-Unfallversicherungsverband DGUV informiert in seinem aktuellen Flyer \u201eZu Fu\u00df zur Schule\u201c \u00fcber Schulwegsicherheit. Laden Sie sich diesen gern <a href=\"https:\/\/www.guv-oldenburg.de\/fileadmin\/user_upload\/guv_OL\/praevention\/schule\/Zu_Fuss_zur_Schule_ANSICHTSEXEMPLAR_KEINE_Druckdatei_Flyer_100x210mm_Zu_Fuss_zur_Schule_01.pdf\">hier<\/a> herunter.<\/p>\n<p>Au\u00dferdem k\u00f6nnen Sie sich unter diesem <a href=\"https:\/\/publikationen.dguv.de\/uebergreifende-themen\/3052\/schueler-unfallversicherung?number=SW17052\">Link<\/a> \u00fcber die Aufgaben und den Leistungsumfang der gesetzlichen \u201eSch\u00fclerunfallversicherung\u201c informieren.<\/p>\n<p>Weitere Tipps f\u00fcr einen sicheren Weg zur Schule haben wir Ihnen hier zusammengefasst:<\/p>\n<ul>\n<li>Wenn Sie Ihr Kind mit dem Auto zur Schule bringen, nutzen Sie die Hol- und Bringzonen in der Dr\u00fcdingstra\u00dfe und am B\u00fclt. So gef\u00e4hrden Sie die Kinder vor der Schule nicht und verursachen keinen Verkehrsstau.<\/li>\n<li>\u00dcben Sie mit Ihrem Kind den Schulweg.<\/li>\n<li>Organisieren Sie Kleingruppen, in denen die Kinder gemeinsam zur Schule gehen.<\/li>\n<li>Wenn ihr Kind mit dem Fahrrad zur Schule kommt, achten Sie darauf, dass dieses verkehrssicher ist und Ihr Kind einen Helm tr\u00e4gt.<\/li>\n<li>Besprechen Sie mit Ihrem Kind wichtige Verkehrsregeln sowie, dass es nur die ausgewiesenen Fu\u00dfg\u00e4ngerwege nutzt.<\/li>\n<li>Seien Sie selbst Vorbild.<\/li>\n<\/ul>\n","protected":false},"excerpt":{"rendered":"<p>Liebe Eltern, der Gemeinde-Unfallversicherungsverband DGUV informiert in seinem aktuellen Flyer \u201eZu Fu\u00df zur Schule\u201c \u00fcber Schulwegsicherheit. Laden Sie sich diesen gern hier herunter. Au\u00dferdem k\u00f6nnen Sie sich unter diesem Link \u00fcber die Aufgaben und den Leistungsumfang der gesetzlichen \u201eSch\u00fclerunfallversicherung\u201c informieren. Weitere Tipps f\u00fcr einen sicheren Weg zur Schule haben wir Ihnen hier zusammengefasst: Wenn Sie &#8230; <a title=\"Sch\u00fcler*innen-Unfallversicherung\" class=\"read-more\" href=\"https:\/\/www.wallschule-cloppenburg.de\/?page_id=5372\" aria-label=\"Mehr Informationen \u00fcber Sch\u00fcler*innen-Unfallversicherung\">Weiterlesen<\/a><\/p>\n","protected":false},"author":4,"featured_media":5373,"parent":5380,"menu_order":1,"comment_status":"closed","ping_status":"closed","template":"","meta":{"_eb_attr":"","footnotes":""},"class_list":["post-5372","page","type-page","status-publish","has-post-thumbnail"],"_links":{"self":[{"href":"https:\/\/www.wallschule-cloppenburg.de\/index.php?rest_route=\/wp\/v2\/pages\/5372","targetHints":{"allow":["GET"]}}],"collection":[{"href":"https:\/\/www.wallschule-cloppenburg.de\/index.php?rest_route=\/wp\/v2\/pages"}],"about":[{"href":"https:\/\/www.wallschule-cloppenburg.de\/index.php?rest_route=\/wp\/v2\/types\/page"}],"author":[{"embeddable":true,"href":"https:\/\/www.wallschule-cloppenburg.de\/index.php?rest_route=\/wp\/v2\/users\/4"}],"replies":[{"embeddable":true,"href":"https:\/\/www.wallschule-cloppenburg.de\/index.php?rest_route=%2Fwp%2Fv2%2Fcomments&post=5372"}],"version-history":[{"count":2,"href":"https:\/\/www.wallschule-cloppenburg.de\/index.php?rest_route=\/wp\/v2\/pages\/5372\/revisions"}],"predecessor-version":[{"id":5375,"href":"https:\/\/www.wallschule-cloppenburg.de\/index.php?rest_route=\/wp\/v2\/pages\/5372\/revisions\/5375"}],"up":[{"embeddable":true,"href":"https:\/\/www.wallschule-cloppenburg.de\/index.php?rest_route=\/wp\/v2\/pages\/5380"}],"wp:featuredmedia":[{"embeddable":true,"href":"https:\/\/www.wallschule-cloppenburg.de\/index.php?rest_route=\/wp\/v2\/media\/5373"}],"wp:attachment":[{"href":"https:\/\/www.wallschule-cloppenburg.de\/index.php?rest_route=%2Fwp%2Fv2%2Fmedia&parent=5372"}],"curies":[{"name":"wp","href":"https:\/\/api.w.org\/{rel}","templated":true}]}}