{"id":5935,"date":"2025-04-16T21:08:43","date_gmt":"2025-04-16T19:08:43","guid":{"rendered":"https:\/\/www.wallschule-cloppenburg.de\/?page_id=5935"},"modified":"2025-08-19T17:18:29","modified_gmt":"2025-08-19T15:18:29","slug":"testphase-ersatz-der-hausaufgaben-durch-lernzeit","status":"publish","type":"page","link":"https:\/\/www.wallschule-cloppenburg.de\/?page_id=5935","title":{"rendered":"Lernzeit"},"content":{"rendered":"<p>Die Gesellschaft und mit ihr die Kindheit unserer Sch\u00fcler*innen hat sich in den letzten Jahren stark ver\u00e4ndert. Das spiegelt unsere t\u00e4gliche Arbeit in der Schule. Dem wollen wir als Wallschule Rechnung tragen. Daher haben wir uns entschieden, in einer Testphase nach den Osterferien bis zu den Sommerferien 2025 die Aufgaben zu Hause durch eine Lernzeit im Schulvormittag zu ersetzen. Ausgenommen davon ist das t\u00e4gliche Lesen und das Lernen f\u00fcr Klassenarbeiten.<\/p>\n<p><strong>Warum eine schulische Lernzeit statt Aufgaben zu Hause?<\/strong><\/p>\n<p>&#8211; Das Erkl\u00e4ren, Aufgeben, Kontrollieren und Nachbesprechen von Hausaufgaben kostet uns im Schulvormittag sehr viel Zeit, hat aber oftmals wenig Nutzen f\u00fcr unsere Sch\u00fcler*innen. Diese Zeit wollen wir lieber f\u00fcr echte Lernzeit nutzen.<\/p>\n<p>&#8211; Hausaufgaben sind nicht individuell. Zumeist aus Zeitgr\u00fcnden bearbeiten alle Kinder die gleichen Aufgaben. So sind aber oft die Aufgaben f\u00fcr einige Kinder zu schwer, f\u00fcr andere wiederum zu leicht.<\/p>\n<p>&#8211; Hausaufgaben f\u00fchren in vielen Familien zu Stress und Druck, besonders wenn die Kinder sich nicht motiviert von selbst an die Hausaufgaben setzen oder am Nachmittag noch andere Aktivit\u00e4ten geplant sind.<\/p>\n<p>&#8211; Nicht alle Kinder haben zu Hause die gleichen Voraussetzungen zum Lernen. W\u00e4hrend die einen viel Hilfe zum Beispiel von den Eltern bekommen, haben andere keinen geeigneten Arbeitsplatz geschweige denn Ruhe, um die Aufgaben zu erledigen. Dies sch\u00fcrt Chancenungleichheit zwischen den Kindern.<\/p>\n<p>&#8211; Laut Studien haben Hausaufgaben nur einen geringen Effekt auf den Lernerfolg. N\u00e4heres k\u00f6nnen Sie gern <a href=\"https:\/\/deutsches-schulportal.de\/bildungswesen\/forschung-sind-hausaufgaben-noch-notwendig-oder-laengst-ueberholt\/\">hier<\/a> nachlesen.<\/p>\n<p>In der Schule haben wir als Lehrkr\u00e4fte die M\u00f6glichkeit, alle Kinder gleicherma\u00dfen w\u00e4hrend der Lernzeit zu unterst\u00fctzen. Durch den unmittelbaren Blick auf das Lernen k\u00f6nnen wir Kinder besser individuell f\u00f6rdern und fordern. Erkl\u00e4ren, Notieren und Nachbereiten der Aufgaben f\u00e4llt weg. Diese Zeit k\u00f6nnen wir im Unterricht f\u00fcr effektives Lernen nutzen.<\/p>\n<p><strong>Was ist f\u00fcr uns zu Hause wichtig?<\/strong><\/p>\n<p>Das Lesen ist eine wichtige Schl\u00fcsselkompetenz, die f\u00fcr alle Lebensbereiche sowie das Lernen in allen Unterrichtsf\u00e4chern entscheidend ist. Das fl\u00fcssige und verstehende Lesen kann nur durch regelm\u00e4\u00dfige \u00dcbung erlernt werden. Daher darf das Lesen zu Hause, auch ohne Hausaufgaben, nicht vernachl\u00e4ssigt werden. Das darf aber nat\u00fcrlich auch Spa\u00df machen: (Erstlese-)B\u00fccher, die den Interessen Ihres Kindes entsprechen, Comics, Witzeb\u00fccher, Zeitschriften, Apps wie Anton oder Antolin usw. sind genauso geeignet zum Lesen lernen wie das Lesebuch. Hauptsache Ihr Kind liest!<\/p>\n<p>Auch das Lernen f\u00fcr Klassenarbeiten ist zu Hause weiterhin wichtig. Das erfordert mehr Selbstst\u00e4ndigkeit von den Kindern als bisher, die sie nach und nach lernen. Wir freuen uns, wenn Sie Ihr Kind auf dem Weg in diese Selbstst\u00e4ndigkeit unterst\u00fctzen. Wenn Sie in den Lernstand Ihres Kindes einen Einblick haben m\u00f6chten, kann Ihr Kind jederzeit \u00dcbungshefte und Mappen mit nach Hause nehmen und zeigen. Bei Fragen und Unsicherheiten k\u00f6nnen Sie die Lehrkraft Ihres Kindes kontaktieren.<\/p>\n<p>Die folgende \u00dcbersicht stellt alle Lernm\u00f6glichkeiten f\u00fcr zu Hause dar. Ausgedruckt und gut sichtbar am Arbeitsplatz des Kindes platziert bietet es eine Antwort auf die Frage: &#8222;Was mache ich heute in der Lernzeit zu Hause?&#8220;<\/p>\n<p><img loading=\"lazy\" decoding=\"async\" class=\"alignnone wp-image-6042\" src=\"https:\/\/www.wallschule-cloppenburg.de\/wp-content\/uploads\/2025\/08\/Unbenannt.png\" alt=\"\" width=\"470\" height=\"656\" srcset=\"https:\/\/www.wallschule-cloppenburg.de\/wp-content\/uploads\/2025\/08\/Unbenannt.png 595w, https:\/\/www.wallschule-cloppenburg.de\/wp-content\/uploads\/2025\/08\/Unbenannt-215x300.png 215w\" sizes=\"auto, (max-width: 470px) 100vw, 470px\" \/><\/p>\n<p><a href=\"https:\/\/www.wallschule-cloppenburg.de\/wp-content\/uploads\/2025\/08\/Lernzeit-zu-Hause-Homepage.pdf\">Hier k\u00f6nnen Sie die \u00dcbersicht herunterladen.<\/a><\/p>\n<p><strong>Wie geht es weiter?<\/strong><\/p>\n<p>Der erste Testzeitraum ist vorbei, jetzt geht es darum, die Lernzeit konkret umzusetzen. Je nach Klassenstufe haben wir verschiedene Konzepte ausgearbeitet, wie die Kinder zu Hause und in der Schule sinnvoll lernen k\u00f6nnen. Diese stellen wir Ihnen auf dem Elternabend und den Kindern in der Schule vor. Sollten Sie Fragen an uns haben, wenden Sie sich bitte an die Lehrkraft Ihres Kindes. Bitte beachten Sie, dass die Lernzeit nicht nur f\u00fcr Sie, sondern auch f\u00fcr Ihre Kinder und uns neu ist und sehen Sie es uns daher nach, wenn nicht von Anfang an alles &#8222;rund&#8220; l\u00e4uft. Wir werden immer wieder evaluieren und ggf. anpassen, sodass Ihr Kind bestm\u00f6glich lernen kann.<\/p>\n<p><strong>Wie kann ich die Wallschule in diesem Prozess unterst\u00fctzen?<\/strong><\/p>\n<p>Seien Sie offen gegen\u00fcber diesen Ver\u00e4nderungen. Wir wollen gemeinsam mit Ihnen an einem Strang ziehen und das beste f\u00fcr unsere Sch\u00fcler*innen und ihr Lernen. Seien Sie bitte nachsichtig, sollte nicht von Anfang an alles klappen oder Unsicherheiten auftreten. Nehmen Sie bei Fragen jederzeit Kontakt mit uns auf.<\/p>\n","protected":false},"excerpt":{"rendered":"<p>Die Gesellschaft und mit ihr die Kindheit unserer Sch\u00fcler*innen hat sich in den letzten Jahren stark ver\u00e4ndert. Das spiegelt unsere t\u00e4gliche Arbeit in der Schule. Dem wollen wir als Wallschule Rechnung tragen. Daher haben wir uns entschieden, in einer Testphase nach den Osterferien bis zu den Sommerferien 2025 die Aufgaben zu Hause durch eine Lernzeit &#8230; <a title=\"Lernzeit\" class=\"read-more\" href=\"https:\/\/www.wallschule-cloppenburg.de\/?page_id=5935\" aria-label=\"Mehr Informationen \u00fcber Lernzeit\">Weiterlesen<\/a><\/p>\n","protected":false},"author":4,"featured_media":0,"parent":0,"menu_order":5,"comment_status":"closed","ping_status":"closed","template":"","meta":{"_eb_attr":"","footnotes":""},"class_list":["post-5935","page","type-page","status-publish"],"_links":{"self":[{"href":"https:\/\/www.wallschule-cloppenburg.de\/index.php?rest_route=\/wp\/v2\/pages\/5935","targetHints":{"allow":["GET"]}}],"collection":[{"href":"https:\/\/www.wallschule-cloppenburg.de\/index.php?rest_route=\/wp\/v2\/pages"}],"about":[{"href":"https:\/\/www.wallschule-cloppenburg.de\/index.php?rest_route=\/wp\/v2\/types\/page"}],"author":[{"embeddable":true,"href":"https:\/\/www.wallschule-cloppenburg.de\/index.php?rest_route=\/wp\/v2\/users\/4"}],"replies":[{"embeddable":true,"href":"https:\/\/www.wallschule-cloppenburg.de\/index.php?rest_route=%2Fwp%2Fv2%2Fcomments&post=5935"}],"version-history":[{"count":8,"href":"https:\/\/www.wallschule-cloppenburg.de\/index.php?rest_route=\/wp\/v2\/pages\/5935\/revisions"}],"predecessor-version":[{"id":6043,"href":"https:\/\/www.wallschule-cloppenburg.de\/index.php?rest_route=\/wp\/v2\/pages\/5935\/revisions\/6043"}],"wp:attachment":[{"href":"https:\/\/www.wallschule-cloppenburg.de\/index.php?rest_route=%2Fwp%2Fv2%2Fmedia&parent=5935"}],"curies":[{"name":"wp","href":"https:\/\/api.w.org\/{rel}","templated":true}]}}