{"id":99,"date":"2014-07-17T21:27:57","date_gmt":"2014-07-17T19:27:57","guid":{"rendered":"http:\/\/wordpress.nibis.de\/gswall\/?page_id=99"},"modified":"2025-09-30T15:25:53","modified_gmt":"2025-09-30T13:25:53","slug":"schulelternrat","status":"publish","type":"page","link":"https:\/\/www.wallschule-cloppenburg.de\/?page_id=99","title":{"rendered":"Schulelternrat"},"content":{"rendered":"<p>Der Schulternrat setzt sich aus allen Elternvertretern und Elternverteterinnen der Klassen zusammen. Er trifft sich regelm\u00e4\u00dfig und er\u00f6rtert alle Themen, die die Schule betreffen. Er muss \u00fcber grunds\u00e4tzliche Entscheidungen wie zur Organisation der Schule oder zur Leistungsbewertung informiert und angeh\u00f6rt werden. (siehe auch \u00a796 NSchG)<\/p>\n<ol>\n<li><span style=\"color: #000000;\">Vorsitzende: Natalie Winter (4a und 2c)<\/span><\/li>\n<li><span style=\"color: #000000;\">Vorsitzende: Tatjana Hofmann (3d)<\/span><img loading=\"lazy\" decoding=\"async\" class=\"wp-image-5156 alignright\" src=\"https:\/\/www.wallschule-cloppenburg.de\/wp-content\/uploads\/2023\/11\/family-43873_1280.png\" alt=\"\" width=\"231\" height=\"231\" srcset=\"https:\/\/www.wallschule-cloppenburg.de\/wp-content\/uploads\/2023\/11\/family-43873_1280.png 1280w, https:\/\/www.wallschule-cloppenburg.de\/wp-content\/uploads\/2023\/11\/family-43873_1280-300x300.png 300w, https:\/\/www.wallschule-cloppenburg.de\/wp-content\/uploads\/2023\/11\/family-43873_1280-1024x1024.png 1024w, https:\/\/www.wallschule-cloppenburg.de\/wp-content\/uploads\/2023\/11\/family-43873_1280-150x150.png 150w, https:\/\/www.wallschule-cloppenburg.de\/wp-content\/uploads\/2023\/11\/family-43873_1280-768x768.png 768w\" sizes=\"auto, (max-width: 231px) 100vw, 231px\" \/><\/li>\n<\/ol>\n<h4><\/h4>\n<p>&nbsp;<\/p>\n","protected":false},"excerpt":{"rendered":"<p>Der Schulternrat setzt sich aus allen Elternvertretern und Elternverteterinnen der Klassen zusammen. Er trifft sich regelm\u00e4\u00dfig und er\u00f6rtert alle Themen, die die Schule betreffen. Er muss \u00fcber grunds\u00e4tzliche Entscheidungen wie zur Organisation der Schule oder zur Leistungsbewertung informiert und angeh\u00f6rt werden. (siehe auch \u00a796 NSchG) Vorsitzende: Natalie Winter (4a und 2c) Vorsitzende: Tatjana Hofmann (3d) &#8230; <a title=\"Schulelternrat\" class=\"read-more\" href=\"https:\/\/www.wallschule-cloppenburg.de\/?page_id=99\" aria-label=\"Mehr Informationen \u00fcber Schulelternrat\">Weiterlesen<\/a><\/p>\n","protected":false},"author":1,"featured_media":0,"parent":101,"menu_order":2,"comment_status":"closed","ping_status":"closed","template":"","meta":{"_eb_attr":"","footnotes":""},"class_list":["post-99","page","type-page","status-publish"],"_links":{"self":[{"href":"https:\/\/www.wallschule-cloppenburg.de\/index.php?rest_route=\/wp\/v2\/pages\/99","targetHints":{"allow":["GET"]}}],"collection":[{"href":"https:\/\/www.wallschule-cloppenburg.de\/index.php?rest_route=\/wp\/v2\/pages"}],"about":[{"href":"https:\/\/www.wallschule-cloppenburg.de\/index.php?rest_route=\/wp\/v2\/types\/page"}],"author":[{"embeddable":true,"href":"https:\/\/www.wallschule-cloppenburg.de\/index.php?rest_route=\/wp\/v2\/users\/1"}],"replies":[{"embeddable":true,"href":"https:\/\/www.wallschule-cloppenburg.de\/index.php?rest_route=%2Fwp%2Fv2%2Fcomments&post=99"}],"version-history":[{"count":13,"href":"https:\/\/www.wallschule-cloppenburg.de\/index.php?rest_route=\/wp\/v2\/pages\/99\/revisions"}],"predecessor-version":[{"id":6116,"href":"https:\/\/www.wallschule-cloppenburg.de\/index.php?rest_route=\/wp\/v2\/pages\/99\/revisions\/6116"}],"up":[{"embeddable":true,"href":"https:\/\/www.wallschule-cloppenburg.de\/index.php?rest_route=\/wp\/v2\/pages\/101"}],"wp:attachment":[{"href":"https:\/\/www.wallschule-cloppenburg.de\/index.php?rest_route=%2Fwp%2Fv2%2Fmedia&parent=99"}],"curies":[{"name":"wp","href":"https:\/\/api.w.org\/{rel}","templated":true}]}}